{"id":102,"date":"2016-12-07T10:30:53","date_gmt":"2016-12-07T10:30:53","guid":{"rendered":"http:\/\/www.master-ingenieria-quimica.uma.es\/?page_id=102"},"modified":"2023-12-15T12:43:12","modified_gmt":"2023-12-15T11:43:12","slug":"profesorado","status":"publish","type":"page","link":"https:\/\/www.master-ingenieria-quimica.uma.es\/index.php\/profesorado\/","title":{"rendered":"Profesorado"},"content":{"rendered":"\n<div class=\"wp-block-group\"><div class=\"wp-block-group__inner-container is-layout-flow wp-block-group-is-layout-flow\">\n<h2><img loading=\"lazy\" decoding=\"async\" class=\"alignnone  wp-image-214\" src=\"http:\/\/www.master-ingenieria-quimica.uma.es\/wp-content\/uploads\/marcauniversidaddemalagaVERTICAL-300x217.jpg\" alt=\"\" width=\"93\" height=\"67\" srcset=\"https:\/\/www.master-ingenieria-quimica.uma.es\/wp-content\/uploads\/marcauniversidaddemalagaVERTICAL-300x217.jpg 300w, https:\/\/www.master-ingenieria-quimica.uma.es\/wp-content\/uploads\/marcauniversidaddemalagaVERTICAL.jpg 665w\" sizes=\"auto, (max-width: 93px) 100vw, 93px\" \/>\u00a0 \u00a0UNIVERSIDAD DE M\u00c1LAGA<\/h2>\n<p><a href=\"https:\/\/www.uma.es\/departamento-de-ingenieria-quimica\/info\/128127\/PDI\/\">Personal Docente e Investigador<\/a>. Departamento de Ingenier\u00eda Qu\u00edmica. Facultad de Ciencias.<\/p>\n<pre style=\"text-align: left;\"><em><span style=\"color: #0000ff;\">Cordero Alc\u00e1ntara, Tom\u00e1s<\/span><br \/><\/em><em>Departamento: Dpto. de Ingenier\u00eda Qu\u00edmica<\/em><br \/><em>E-mail: <a href=\"mailto:cordero@uma.es\">cordero@uma.es<\/a><\/em><br \/><br \/><strong><em><span style=\"color: #0000ff;\">Alemany Arrebola, Luis J.<\/span>\u00a0(COORDINADOR UMA)<\/em><\/strong><br \/><em>Departamento: Dpto. de Ingenier\u00eda Qu\u00edmica<\/em><br \/><em>E-mail: <a href=\"mailto:luijo@uma.es\">luijo@uma.es<\/a><\/em><br \/><br \/><span style=\"color: #0000ff;\"><em>Herrera Delgado, Mar\u00eda Concepci\u00f3n<\/em><\/span><br \/><em>Departamento: Dpto. de Ingenier\u00eda Qu\u00edmica<\/em><br \/><em>E-mail: <a href=\"mailto:concepcionhd@uma.es\">concepcionhd@uma.es<\/a><\/em><br \/><br \/><span style=\"color: #0000ff;\"><em>Larrubia Vargas, Mar\u00eda \u00c1ngeles<\/em><\/span><br \/><em>Departamento: Dpto. de Ingenier\u00eda Qu\u00edmica<\/em><br \/><em>E-mail: <a href=\"mailto:mavargas@uma.es\">mavargas@uma.es<\/a><\/em><br \/><br \/><span style=\"color: #0000ff;\"><em>Mart\u00edn Jim\u00e9nez, Francisco de Paula<\/em><\/span><br \/><em>Departamento: Dpto. de Ingenier\u00eda Qu\u00edmica<\/em><br \/><em>E-mail: <a href=\"mailto:marjim@uma.es\">marjim@uma.es<\/a><\/em><br \/><br \/><span style=\"color: #0000ff;\"><em>Nadales Rodr\u00edguez, Daniel<\/em><\/span><br \/><em>Departamento: Dpto. de Direcci\u00f3n y Organizaci\u00f3n de Empresas<\/em><br \/><em>E-mail: <a href=\"mailto:dnadales@uma.es\">dnadales@uma.es<\/a><br \/><br \/><span style=\"color: #0000ff;\">Torrecilla Garc\u00eda, Juan Antonio<\/span><\/em><br \/><em>Departamento: Dpto. de Direcci\u00f3n y Organizaci\u00f3n de Empresas<\/em><br \/><em>E-mail: <a href=\"mailto:juantorrecilla@uma.es\">juantorrecilla@uma.es<\/a><br \/><\/em><br \/><em><span style=\"color: #0000ff;\">Paz Garc\u00eda, Juan Manuel<\/span><br \/><\/em><em>Departamento: Dpto. de Ingenier\u00eda Qu\u00edmica<\/em><br \/><em>E-mail: <a href=\"mailto:juanma.paz@uma.es\">juanma.paz@uma.es<\/a><\/em><br \/><br \/><span style=\"color: #0000ff;\"><em>Rodr\u00edguez Maroto, Jos\u00e9 Miguel<\/em><\/span><br \/><em>Departamento: Dpto. de Ingenier\u00eda Qu\u00edmica<\/em><br \/><em>E-mail:<a href=\"mailto:maroto@uma.es\"> maroto@uma.es<\/a><\/em><br \/><br \/><em><span style=\"color: #0000ff;\">Rodr\u00edguez Mirasol, Jos\u00e9<\/span><br \/><\/em><em>Departamento: Dpto. de Ingenier\u00eda Qu\u00edmica<\/em><br \/><em>TE-mail: <a href=\"mailto:mirasol@uma.es\">mirasol@uma.es<\/a><\/em><br \/><br \/><span style=\"color: #0000ff;\"><em>Rosas Mart\u00ednez, Juana Mar\u00eda<\/em><\/span><br \/><em>Departamento: Dpto. de Ingenier\u00eda Qu\u00edmica<\/em><br \/><em>E-mail: <a href=\"mailto:jmrosas@uma.es\">jmrosas@uma.es<\/a><\/em><br \/><br \/><em><span style=\"color: #0000ff;\">Ruiz Rosas, Ramiro Rafael<\/span><br \/><\/em><em>Departamento: Dpto. de Ingenier\u00eda Qu\u00edmica<\/em><br \/><em>Tel\u00e9fono: 952132200\u00a0 E-mail: <a href=\"mailto:ramiro@uma.es\">ramiro@uma.es<\/a><\/em><br \/><br \/><span style=\"color: #0000ff;\"><em>Vereda Alonso, Carlos<\/em><\/span><br \/><em>Departamento: Dpto. de Ingenier\u00eda Qu\u00edmica<\/em><br \/><em>E-mail: <a href=\"mailto:cvereda@uma.es\">cvereda@uma.es<\/a><\/em><br \/><br \/><span style=\"color: #0000ff;\"><em>L\u00f3pez Escalante, Maria Cruz<\/em><\/span><br \/><em>Departamento: Dpto. de Ingenier\u00eda Qu\u00edmica<\/em><br \/><em>E-mail: <a href=\"mailto:mclopez@uma.es\">mclopez@uma.es<\/a><\/em><br \/><br \/><span style=\"color: #0000ff;\"><em>G\u00f3mez Lahoz, C\u00e9sar<\/em><\/span><br \/><em>Departamento: Dpto. de Ingenier\u00eda Qu\u00edmica<\/em><br \/><em>E-mail: <a href=\"mailto:lahoz@uma.es\">lahoz@uma.es<\/a><br \/><br \/><span style=\"color: #0000ff;\">Cort\u00e9s Reyes, Marina<\/span><br \/>Departamento: Dpto. de Ingenier\u00eda Qu\u00edmica<br \/>E-mail: <a href=\"mailto:marinacr@uma.es\">marinacr@uma.es<\/a><br \/><br \/><\/em><span style=\"color: #0000ff;\"><em>Vill\u00e9n Guzm\u00e1n, M. Dolores<\/em><\/span><br \/><em>Departamento: Dpto. de Ingenier\u00eda Qu\u00edmica<\/em><br \/><em>E-mail: <a href=\"mailto:mvillen@uma.es\">mvillen@uma.es<\/a><br \/><br \/><span style=\"color: #0000ff;\">Garc\u00eda Mateos, Francisco Jos\u00e9<\/span><br \/>Departamento: Dpto. de Ingenier\u00eda Qu\u00edmica<br \/>E-mail: <a href=\"mailto:garciamateos@uma.es\">garciamateos@uma.es<\/a><br \/><br \/><br \/><br \/><span style=\"color: #0000ff;\"><strong><span style=\"color: #000000;\">Informaci\u00f3n adicional sobre el t\u00edtulo universitario oficial. RESULTADOS del T\u00cdTULO<\/span><br \/><a style=\"color: #0000ff;\" href=\"https:\/\/www.uma.es\/master-en-ingenieria-quimica\/\">https:\/\/www.uma.es\/master-en-ingenieria-quimica\/<\/a><\/strong><\/span><br \/><\/em><\/pre>\n<hr \/>\n<h2><img loading=\"lazy\" decoding=\"async\" class=\"alignnone  wp-image-175\" src=\"http:\/\/www.master-ingenieria-quimica.uma.es\/wp-content\/uploads\/logo-uca-233x300.jpg\" alt=\"\" width=\"82\" height=\"106\" srcset=\"https:\/\/www.master-ingenieria-quimica.uma.es\/wp-content\/uploads\/logo-uca-233x300.jpg 233w, https:\/\/www.master-ingenieria-quimica.uma.es\/wp-content\/uploads\/logo-uca.jpg 728w\" sizes=\"auto, (max-width: 82px) 100vw, 82px\" \/>\u00a0 \u00a0UNIVERSIDAD DE C\u00c1DIZ<\/h2>\n<pre><br \/><strong><span style=\"color: #0000ff;\"><em>Blandino Garrido, Ana Mar\u00eda (COORDINADORA UCA)<\/em><\/span><\/strong><br \/><em>Departamento: Dpto. de Ingenier\u00eda Qu\u00edmica y Tecnolog\u00eda de Alimentos<\/em><br \/><em>E-mail: <a href=\"mailto:ana.blandino@uca.es\">ana.blandino@uca.es<\/a><\/em><br \/><br \/><em>Alvarez Gallego, Carlos Jos\u00e9<\/em><br \/><em>Departamento: Dpto. de Ingenier\u00eda Qu\u00edmica y Tecnolog\u00eda de Alimentos<\/em><br \/><em>E-mail: <a href=\"mailto:carlosjose.alvarez@uca.es\">carlosjose.alvarez@uca.es<\/a><\/em><br \/><br \/><em>Cabrera Revuelta, Gema<\/em><br \/><em>Departamento: Dpto. de Ingenier\u00eda Qu\u00edmica y Tecnolog\u00eda de Alimentos<\/em><br \/><em>E-mail: <a href=\"mailto:gema.cabrera@uca.es\">gema.cabrera@uca.es<\/a><\/em><br \/><br \/><em>Carbu Espinosa Monteros, Maria<\/em><br \/><em>Departamento: Dpto. de Biomedicina, Biotecnolog\u00eda y Salud P\u00fablica<\/em><br \/><em>E-mail: <a href=\"mailto:maria.carbu@uca.es\">maria.carbu@uca.es<\/a><\/em><br \/><em><br \/>Caro Pina, Ildefonso<\/em><br \/><em>Departamento: Dpto. de Ingenier\u00eda Qu\u00edmica y Tecnolog\u00eda de Alimentos<\/em><br \/><em>E-mail: <a href=\"mailto:ildefonso.caro@uca.es\">ildefonso.caro@uca.es<\/a><\/em><br \/><br \/><em>Casas Cardoso, Lourdes<\/em><br \/><em>Departamento: Dpto. de Ingenier\u00eda Qu\u00edmica y Tecnolog\u00eda de Alimentos<\/em><br \/><em>E-mail: <a href=\"mailto:lourdes.casas@uca.es\">lourdes.casas@uca.es<\/a><\/em><br \/><br \/><em>De Ory Arriaga, Ignacio<\/em><br \/><em>Departamento: Dpto. de Ingenier\u00eda Qu\u00edmica y Tecnolog\u00eda de Alimentos<\/em><br \/><em>E-mail: <a href=\"mailto:ignacio.deory@uca.es\">ignacio.deory@uca.es<\/a><\/em><br \/><br \/><em>Garrido Crespo, Carlos<\/em><br \/><em>Departamento: Dpto. de Biomedicina, Biotecnolog\u00eda y Salud P\u00fablica<\/em><br \/><em>E-mail: <a href=\"mailto:carlos.garrido@uca.es\">carlos.garrido@uca.es<\/a><\/em><br \/><br \/><em>Garrido P\u00e9rez, Carmen<\/em><br \/><em>Departamento: Dpto. de Tecnolog\u00edas del Medio Ambiente<\/em><br \/><em>E-mail: <a href=\"mailto:carmen.garrido@uca.es\">carmen.garrido@uca.es<\/a><\/em><br \/><br \/><em>G\u00f3mez Ben\u00edtez, Juan<\/em><br \/><em>Departamento: Dpto. de Ingenier\u00eda Qu\u00edmica y Tecnolog\u00eda de Alimentos<\/em><br \/><em>E-mail: <a href=\"mailto:juangomez.benitez@uca.es\">juangomez.benitez@uca.es<\/a><\/em><br \/><br \/><em>G\u00f3mez Montes de Oca, Jos\u00e9 Manuel<\/em><br \/><em>Departamento: Dpto. de Ingenier\u00eda Qu\u00edmica y Tecnolog\u00eda de Alimentos<\/em><br \/><em>E-mail: <a href=\"mailto:josemanuel.gomez@uca.es\">josemanuel.gomez@uca.es<\/a><\/em><br \/><br \/><em>Lasanta Melero, Cristina Mariana<\/em><br \/><em>Departamento: Dpto. de Ingenier\u00eda Qu\u00edmica y Tecnolog\u00eda de Alimentos<\/em><br \/><em>E-mail: <a href=\"mailto:cristina.lasanta@uca.es\">cristina.lasanta@uca.es<\/a><\/em><br \/><br \/><em>Mantell Serrano, Casimiri<\/em><br \/><em>Departamento: Dpto. de Ingenier\u00eda Qu\u00edmica y Tecnolog\u00eda de Alimentos<\/em><br \/><em>E-mail: <a href=\"mailto:casimiro.mantell@uca.es\">casimiro.mantell@uca.es<\/a><\/em><br \/><br \/><em>Perales Vargas Machuca, Jose Antonio<\/em><br \/><em>Departamento: Dpto. de Tecnolog\u00edas del Medio Ambiente<\/em><br \/><em>E-mail: <a href=\"mailto:joseantonio.perales@uca.es\">joseantonio.perales@uca.es<\/a><\/em><br \/><br \/><em>Pereyra L\u00f3pez, Clara Mar\u00eda<\/em><br \/><em>Departamento: Dpto. de Ingenier\u00eda Qu\u00edmica y Tecnolog\u00eda de Alimentos<\/em><br \/><em>E-mail: <a href=\"mailto:clara.pereyra@uca.es\">clara.pereyra@uca.es<\/a><\/em><br \/><br \/><em>Portela Migu\u00e9lez, Juan Ram\u00f3n<\/em><br \/><em>Departamento: Dpto. de Ingenier\u00eda Qu\u00edmica y Tecnolog\u00eda de Alimentos<\/em><br \/><em>E-mail: <a href=\"mailto:juanramon.portela@uca.es\">juanramon.portela@uca.es<\/a><\/em><br \/><br \/><em>Ram\u00edrez Mu\u00f1oz, Mart\u00edn<\/em><br \/><em>Departamento: Dpto. de Ingenier\u00eda Qu\u00edmica y Tecnolog\u00eda de Alimentos<\/em><br \/><em>E-mail: <a href=\"mailto:martin.ramirez@uca.es\">martin.ramirez@uca.es<\/a><\/em><br \/><br \/><em>Romero Garc\u00eda, Luis Isidoro<\/em><br \/><em>Departamento: Dpto. de Ingenier\u00eda Qu\u00edmica y Tecnolog\u00eda de Alimentos<\/em><br \/><em>E-mail: <a href=\"mailto:luisisidoro.romero@uca.es\">luisisidoro.romero@uca.es<\/a><\/em><br \/><br \/><em>Romero Z\u00fa\u00f1iga, Luis Enrique<\/em><br \/><em>Departamento: Dpto. de Ingenier\u00eda Qu\u00edmica y Tecnolog\u00eda de Alimentos<\/em><br \/><em>E-mail: <a href=\"mailto:luisenrique.romero@uca.es\">luisenrique.romero@uca.es<\/a><\/em><br \/><br \/><em>S\u00e1nchez Oneto, Jezabel<\/em><br \/><em>Departamento: Dpto. de Ingenier\u00eda Qu\u00edmica y Tecnolog\u00eda de Alimentos<\/em><br \/><em>E-mail: <a href=\"mailto:jezabel.sanchez@uca.es\">jezabel.sanchez@uca.es<\/a><\/em><br \/><br \/><em>Zubia Mendoza, Eva<\/em><br \/><em>Departamento: Dpto. de Qu\u00edmica Org\u00e1nica<\/em><br \/><em>E-mail: <a href=\"mailto:eva.zubia@uca.es\">eva.zubia@uca.es<\/a><\/em><\/pre>\n<hr \/>\n<h2><img loading=\"lazy\" decoding=\"async\" class=\"alignnone  wp-image-174\" src=\"http:\/\/www.master-ingenieria-quimica.uma.es\/wp-content\/uploads\/images.png\" alt=\"\" width=\"73\" height=\"73\" srcset=\"https:\/\/www.master-ingenieria-quimica.uma.es\/wp-content\/uploads\/images.png 225w, https:\/\/www.master-ingenieria-quimica.uma.es\/wp-content\/uploads\/images-150x150.png 150w\" sizes=\"auto, (max-width: 73px) 100vw, 73px\" \/> UNIVERSIDAD DE ALMER\u00cdA<\/h2>\n<pre><strong><span style=\"color: #0000ff;\"><em>Cer\u00f3n Garc\u00eda, Mar\u00eda del Carmen (COORDINADORA UAL)<\/em><\/span><\/strong><br \/><em>Departamento: Dpto. de Ingenier\u00eda<\/em><br \/><em>E-mail: <a href=\"mailto:mcceron@ual.es\">mcceron@ual.es<\/a><\/em><br \/><br \/><em>Aci\u00e9n Fern\u00e1ndez, Francisco Gabriel<\/em><br \/><em>Departamento: Dpto. de Ingenier\u00eda<\/em><br \/><em>E-mail: <a href=\"mailto:facien@ual.es\">facien@ual.es<\/a><\/em><br \/><br \/><em>Belarbi Haftallaoui, El Hassan<\/em><br \/><em>Departamento: Dpto. de Ingenier\u00eda<\/em><br \/><em>E-mail: <a href=\"mailto:ebelarbi@ual.es\">ebelarbi@ual.es<\/a><\/em><br \/><br \/><em>Brindley Al\u00edas, Celeste Elena<\/em><br \/><em>Departamento: Dpto. de Ingenier\u00eda<\/em><br \/><em>E-mail: <a href=\"mailto:cbrindle@ual.es\">cbrindle@ual.es<\/a><\/em><br \/><br \/><em>Casas L\u00f3pez, Jos\u00e9 Luis<\/em><br \/><em>Departamento: Dpto. de Ingenier\u00eda<\/em><br \/><em>E-mail: <a href=\"mailto:jlcasas@ual.es\">jlcasas@ual.es<\/a><\/em><br \/><br \/><em>Contreras G\u00f3mez, Antonio<\/em><br \/><em>Departamento: Dpto. de Ingenier\u00eda<\/em><br \/><em>E-mail: <a href=\"mailto:acontre@ual.es\">acontre@ual.es<\/a><\/em><br \/><br \/><em>Fern\u00e1ndez Sevilla, Jos\u00e9 Mar\u00eda<\/em><br \/><em>Departamento: Dpto. de Ingenier\u00eda<\/em><br \/><em>E-mail: <a href=\"mailto:jfernand@ual.es\">jfernand@ual.es<\/a><\/em><br \/><br \/><em>Garc\u00eda Camacho, Francisco<\/em><br \/><em>Departamento: Dpto. de Ingenier\u00eda<\/em><br \/><em>E-mail: <a href=\"mailto:fgarcia@ual.es\">fgarcia@ual.es<\/a><\/em><br \/><br \/><em>Gonz\u00e1lez Moreno, Pedro Antonio<\/em><br \/><em>Departamento: Dpto. de Ingenier\u00eda<\/em><br \/><em>E-mail: <a href=\"mailto:pagonza@ual.es\">pagonza@ual.es<\/a><\/em><br \/><br \/><em>Ib\u00e1\u00f1ez Gonz\u00e1lez, Mar\u00eda Jos\u00e9<\/em><br \/><em>Departamento: Dpto. de Ingenier\u00eda<\/em><br \/><em>E-mail: <a href=\"mailto:mjibanez@ual.es\">mjibanez@ual.es<\/a><\/em><br \/><br \/><em>Molina Grima, Emilio<\/em><br \/><em>Departamento: Dpto. de Ingenier\u00eda<\/em><br \/><em>E-mail: <a href=\"mailto:emolina@ual.es\">emolina@ual.es<\/a><\/em><br \/><em><br \/>Robles Medina, Alfonso<\/em><br \/><em>Departamento: Dpto. de Ingenier\u00eda<\/em><br \/><em>E-mail: <a href=\"mailto:arobles@ual.es\">arobles@ual.es<\/a><\/em><br \/><br \/><em>S\u00e1nchez Mir\u00f3n, Asterio<\/em><br \/><em>Departamento: Dpto. de Ingenier\u00eda<\/em><br \/><em>E-mail: <a href=\"mailto:asmiron@ual.es\">asmiron@ual.es<\/a><\/em><br \/><br \/><em>S\u00e1nchez P\u00e9rez, Jos\u00e9 Antonio<\/em><br \/><em>Departamento: Dpto. de Ingenier\u00eda<\/em><br \/><em>E-mail: <a href=\"mailto:jsanchez@ual.es\">jsanchez@ual.es<\/a><\/em><\/pre>\n<\/div><\/div>\n","protected":false},"excerpt":{"rendered":"<p>\u00a0 \u00a0UNIVERSIDAD DE M\u00c1LAGA Personal Docente e Investigador. Departamento de Ingenier\u00eda Qu\u00edmica. Facultad de Ciencias. Cordero Alc\u00e1ntara, Tom\u00e1sDepartamento: Dpto. de Ingenier\u00eda Qu\u00edmicaE-mail: cordero@uma.esAlemany Arrebola, Luis J.\u00a0(COORDINADOR UMA)Departamento: Dpto. de Ingenier\u00eda Qu\u00edmicaE-mail: luijo@uma.esHerrera Delgado, Mar\u00eda Concepci\u00f3nDepartamento: Dpto. de Ingenier\u00eda Qu\u00edmicaE-mail: concepcionhd@uma.esLarrubia Vargas, Mar\u00eda \u00c1ngelesDepartamento: Dpto. de Ingenier\u00eda Qu\u00edmicaE-mail: mavargas@uma.esMart\u00edn Jim\u00e9nez, Francisco de PaulaDepartamento: Dpto. de Ingenier\u00eda [&hellip;]<\/p>\n","protected":false},"author":1,"featured_media":308,"parent":0,"menu_order":0,"comment_status":"closed","ping_status":"closed","template":"","meta":{"footnotes":""},"class_list":["post-102","page","type-page","status-publish","has-post-thumbnail","hentry"],"_links":{"self":[{"href":"https:\/\/www.master-ingenieria-quimica.uma.es\/index.php\/wp-json\/wp\/v2\/pages\/102","targetHints":{"allow":["GET"]}}],"collection":[{"href":"https:\/\/www.master-ingenieria-quimica.uma.es\/index.php\/wp-json\/wp\/v2\/pages"}],"about":[{"href":"https:\/\/www.master-ingenieria-quimica.uma.es\/index.php\/wp-json\/wp\/v2\/types\/page"}],"author":[{"embeddable":true,"href":"https:\/\/www.master-ingenieria-quimica.uma.es\/index.php\/wp-json\/wp\/v2\/users\/1"}],"replies":[{"embeddable":true,"href":"https:\/\/www.master-ingenieria-quimica.uma.es\/index.php\/wp-json\/wp\/v2\/comments?post=102"}],"version-history":[{"count":0,"href":"https:\/\/www.master-ingenieria-quimica.uma.es\/index.php\/wp-json\/wp\/v2\/pages\/102\/revisions"}],"wp:featuredmedia":[{"embeddable":true,"href":"https:\/\/www.master-ingenieria-quimica.uma.es\/index.php\/wp-json\/wp\/v2\/media\/308"}],"wp:attachment":[{"href":"https:\/\/www.master-ingenieria-quimica.uma.es\/index.php\/wp-json\/wp\/v2\/media?parent=102"}],"curies":[{"name":"wp","href":"https:\/\/api.w.org\/{rel}","templated":true}]}}