{"id":462,"date":"2020-03-05T18:19:55","date_gmt":"2020-03-05T17:19:55","guid":{"rendered":"http:\/\/www.master-ingenieria-quimica.uma.es\/?page_id=462"},"modified":"2025-10-29T10:45:54","modified_gmt":"2025-10-29T09:45:54","slug":"trabajos-fin-de-master","status":"publish","type":"page","link":"https:\/\/www.master-ingenieria-quimica.uma.es\/index.php\/trabajos-fin-de-master\/","title":{"rendered":"Trabajos Fin de M\u00e1ster"},"content":{"rendered":"<div class=\"wp-block-image\">\n<figure class=\"alignright size-full\"><img loading=\"lazy\" decoding=\"async\" width=\"200\" height=\"150\" src=\"https:\/\/www.master-ingenieria-quimica.uma.es\/wp-content\/uploads\/2021\/09\/TFM-Imagen.png\" alt=\"\" class=\"wp-image-769\"\/><\/figure>\n<\/div>\n\n\n<p style=\"font-size:27px\"><\/p>\n\n\n\n<p><\/p>\n\n\n\n<p><\/p>\n\n\n\n<pre class=\"wp-block-preformatted\"><\/pre>\n\n\n\n<p class=\"has-vivid-cyan-blue-color has-text-color has-link-color has-large-font-size wp-elements-b3fad2d02844d77c5d6ec6c5c9cea488\"><strong><em>TFMs defendidos el 28 octubre de 2025<\/em><\/strong><\/p>\n\n\n\n<p><\/p>\n\n\n\n<p><em>Evaluaci\u00f3n de riesgos y eficacia de programas de tratamiento del agua frente a legionella spp. en cl\u00ednicas dentales.<\/em> <em>&nbsp;<\/em><strong>Tom\u00e1s Gonz\u00e1lez Ram\u00edrez<\/strong><\/p>\n\n\n<div class=\"wp-block-image\">\n<figure class=\"aligncenter size-full is-resized\"><img loading=\"lazy\" decoding=\"async\" width=\"2040\" height=\"1530\" src=\"http:\/\/www.master-ingenieria-quimica.uma.es\/wp-content\/uploads\/2025\/10\/TFM-Oct-2025-Toamas-Gonzalez-Ramirez.jpeg\" alt=\"\" class=\"wp-image-1208\" style=\"width:318px;height:auto\"\/><\/figure>\n<\/div>\n\n\n<p><\/p>\n\n\n\n<hr class=\"wp-block-separator has-alpha-channel-opacity\"\/>\n\n\n\n<p><em>Estrategias de Optimizaci\u00f3n para la secci\u00f3n de Fraccionamiento en la Unidad de Isomerizaci\u00f3n del Parque Energ\u00e9tico de San Roque (MOEVE)<\/em> . <strong>Laura S\u00e1nchez S\u00e1nchez<\/strong><\/p>\n\n\n<div class=\"wp-block-image\">\n<figure class=\"aligncenter size-full is-resized\"><img loading=\"lazy\" decoding=\"async\" width=\"1530\" height=\"1269\" src=\"http:\/\/www.master-ingenieria-quimica.uma.es\/wp-content\/uploads\/2025\/10\/TFM-Oct-2025-Laura-Sanchez-Sanchez-1.jpeg\" alt=\"\" class=\"wp-image-1212\" style=\"width:331px;height:auto\"\/><\/figure>\n<\/div>\n\n\n<p><\/p>\n\n\n\n<p><\/p>\n\n\n\n<hr class=\"wp-block-separator has-alpha-channel-opacity\"\/>\n\n\n\n<p><em>Estudio de la hidroformilaci\u00f3n de 1-octeno utilizando catalizadores de rodio soportados en materiales de carbono que contienen f\u00f3sforo y magnesio<\/em>.<strong> Carlos M. Gim\u00e9nez Eiras<\/strong>  <em>&nbsp;<\/em><\/p>\n\n\n<div class=\"wp-block-image\">\n<figure class=\"aligncenter size-full is-resized\"><img loading=\"lazy\" decoding=\"async\" width=\"2040\" height=\"1094\" src=\"http:\/\/www.master-ingenieria-quimica.uma.es\/wp-content\/uploads\/2025\/10\/TFM-Oct-2025-Carlos-M.-Gimenez-Eiras-1.jpeg\" alt=\"\" class=\"wp-image-1213\" style=\"width:331px;height:auto\"\/><\/figure>\n<\/div>\n\n\n<p><\/p>\n\n\n\n<p><\/p>\n\n\n\n<hr class=\"wp-block-separator has-alpha-channel-opacity\"\/>\n\n\n\n<p class=\"has-vivid-cyan-blue-color has-text-color has-link-color has-large-font-size wp-elements-1311c09f0d4961419d892c573629f70c\"><strong><em>TFMs defendidos en julio de 2025<\/em><\/strong><\/p>\n\n\n\n<hr class=\"wp-block-separator has-alpha-channel-opacity\"\/>\n\n\n\n<p class=\"has-vivid-cyan-blue-color has-text-color has-link-color has-large-font-size wp-elements-6c471f35573ba7957a775f65e48870fc\"><strong><em>TFMs defendidos el 31 octubre de 2024<\/em><\/strong><\/p>\n\n\n\n<p><em>S\u00edntesis y Caracterizaci\u00f3n de catalizadores de doble acci\u00f3n basados en n\u00edquel para la captura y transformaci\u00f3n de CO<sub>2<\/sub><\/em>. <em><strong>Daniel Alvial Olave<\/strong><\/em><\/p>\n\n\n\n<p><em>Preparaci\u00f3n de catalizadores fibrilares para la deshidrataci\u00f3n de metanol a olefinas<\/em>. <strong><em>Marta Guerrero Alba<\/em><\/strong><\/p>\n\n\n\n<p class=\"has-vivid-cyan-blue-color has-text-color has-link-color has-large-font-size wp-elements-060fbe75555a0cfd37e41e2b0c45e042\"><strong><em>TFMs defendidos el 15 de julio de 2024<\/em><\/strong><\/p>\n\n\n\n<p><em>Formaci\u00f3n de vivianita en diferentes etapas de envejecimiento del esti\u00e9rcol de cerdo centr\u00e1ndose en el papel del carbonato. <strong>Jacobo Meca Romero<\/strong><\/em><\/p>\n\n\n\n<p><em>Extracci\u00f3n hidrometal\u00fargica de metales del c\u00e1todo de bater\u00edas de iones de Li &#8211; Lixiviaci\u00f3n \u00e1cida utilizando Fe(II) como agente reductor. <strong>Gabriel Ortega Castell\u00f3<\/strong><\/em><\/p>\n\n\n\n<p><em>Captura electroqu\u00edmica de CO<sub>2<\/sub> de aire ambiente. <strong>Enma A. Chaparro Bailey<\/strong><\/em><\/p>\n\n\n\n<p><em>Dise\u00f1o y simulaci\u00f3n de una planta de producci\u00f3n de metanol. Optimizaci\u00f3n de los lechos en serie con aprendizaje autom\u00e1tico. <strong>Jose Miguel S\u00e1nchez Troyano<\/strong><\/em><\/p>\n\n\n\n<pre class=\"wp-block-preformatted\"><\/pre>\n\n\n\n<p class=\"has-vivid-cyan-blue-color has-text-color has-link-color has-large-font-size wp-elements-9fc2995ca091fe8cb23f29204b985dfa\"><strong><em>TFM defendido<\/em><\/strong> <strong><em>el 26 de febrero de 2024<\/em><\/strong><\/p>\n\n\n\n<p><em>Preparaci\u00f3n de fibras de carbono dopadas con metales para la producci\u00f3n de metanol mediante la hidrogenaci\u00f3n de CO<sub>2<\/sub> . <strong>Mar\u00eda del Roc\u00edo Jim\u00e9nez G\u00f3mez<\/strong><\/em><\/p>\n\n\n\n<hr class=\"wp-block-separator has-alpha-channel-opacity\"\/>\n\n\n\n<pre class=\"wp-block-preformatted\"><\/pre>\n\n\n\n<p class=\"has-luminous-vivid-amber-color has-text-color has-link-color wp-elements-70570c16ded695ae0db1ba887b93fc3f\" style=\"font-size:27px\"><strong><em>TFMs defendidos<\/em><\/strong> <strong><em>el 30 de octubre de 2023<\/em><\/strong><\/p>\n\n\n\n<p><em>Estudio en r\u00e9gimen no isotermo de la gasificaci\u00f3n catal\u00edtica de biomasa infrautilizada empleando CO<sub>2<\/sub>+H<sub>2<\/sub>O como agente gasificante. <strong>Roc\u00edo Camacho Gil<\/strong><\/em><\/p>\n\n\n\n<pre class=\"wp-block-preformatted\"><\/pre>\n\n\n\n<p class=\"has-luminous-vivid-amber-color has-text-color has-link-color wp-elements-b926b913a7cef2b080dc72fa45e00d8c\" style=\"font-size:27px\"><strong><em>TFMs defendidos el 18 de julio de 2023<\/em><\/strong><\/p>\n\n\n\n<p><em>Estudio cin\u00e9tico de la deshidrataci\u00f3n del etanol sobre catalizadores de base carbonosa \u00e1cidos. <strong>Patricia Guerrero Barroso<\/strong><\/em><\/p>\n\n\n\n<p><em>Recuperaci\u00f3n selectiva de metales contenidos en residuos de bater\u00edas de iones de litio mediante un proceso semicontinuo de lixiviaci\u00f3n \u00e1cida. <strong>\u00c1lvaro Rivas Basc\u00f3n<\/strong><\/em><\/p>\n\n\n\n<pre class=\"wp-block-preformatted\"><\/pre>\n\n\n\n<hr class=\"wp-block-separator has-alpha-channel-opacity\"\/>\n\n\n\n<p class=\"has-vivid-green-cyan-color has-text-color has-link-color wp-elements-8822dad569f3f1b1cb3d4a9ffbe491ff\" style=\"font-size:27px\"><strong><em>TFMs defendidos el 16 de diciembre de 2022<\/em><\/strong><\/p>\n\n\n\n<p><em>Recubrimientos de biopol\u00edmeros   inspirados en la cutina como alternativa sostenible de envases met\u00e1licos para alimentos. <strong>Pablo Sep\u00falveda Zorrilla<\/strong><\/em><\/p>\n\n\n\n<pre class=\"wp-block-preformatted\"><\/pre>\n\n\n\n<p class=\"has-vivid-green-cyan-color has-text-color has-link-color wp-elements-1ff64d9b13b0be32151a0861a7374f76\" style=\"font-size:27px\"><strong><em>TFMs defendidos el 27 de octubre de 2022<\/em><\/strong><\/p>\n\n\n\n<p><em>Reducci\u00f3n Catal\u00edtica de CO<sub>2<\/sub> a CO con H<sub>2<\/sub> empleando catalizadores basados en \u00f3xido de cerio dopado con lant\u00e1nidos. <strong>Carlos Mart\u00ednez G\u00f3mez<\/strong><\/em><\/p>\n\n\n\n<pre class=\"wp-block-preformatted\"><\/pre>\n\n\n\n<p><\/p>\n\n\n\n<p class=\"has-vivid-green-cyan-color has-text-color has-link-color wp-elements-22e39a0bcd4e9cba41cd6dd176a851f5\" style=\"font-size:27px\"><strong><em>TFMs defendidos el 15 de julio de 2022<\/em><\/strong>  <\/p>\n\n\n\n<p><em>Preparaci\u00f3n de fibras de carbono dopadas con metales y su aplicaci\u00f3n en la electrooxidaci\u00f3n de lignina. <strong>Manuel Toscano de los Riscos<\/strong><\/em> <\/p>\n\n\n\n<p><em><em><em>Preparaci\u00f3n de catalizadores de Mg de base carbonosa para la condensaci\u00f3n ald\u00f3lica de furfural con acetona<\/em><\/em>. <strong>Gabriel E. Jim\u00e9nez Reina <\/strong><\/em> <\/p>\n\n\n\n<p> <em>Producci\u00f3n de biocombustible de aviaci\u00f3n mediante un proceso de licuefacci\u00f3n hidrotermal asistido catal\u00edtico a partir de residuos biom\u00e1sicos. <strong>Sof\u00eda Essounani M\u00e9rida<\/strong><\/em> <\/p>\n\n\n\n<p class=\"has-vivid-green-cyan-color has-text-color has-link-color wp-elements-d55a72233a0b3f1c241bbbd7f3c311bd\" style=\"font-size:27px\"><br><strong><em>TFMs defendidos el 18 de marzo de 2022<\/em><\/strong>  <\/p>\n\n\n\n<p><em>An\u00e1lisis Termodin\u00e1mico de la S\u00edntesis de Fischer-Tropsch. <\/em><strong><em>Patricia Castilla Reifs <\/em><\/strong><\/p>\n\n\n\n<pre class=\"wp-block-preformatted\"><\/pre>\n\n\n\n<hr class=\"wp-block-separator has-alpha-channel-opacity\"\/>\n\n\n\n<p class=\"has-luminous-vivid-orange-color has-text-color has-link-color wp-elements-9c98576ec212e17b4944e468748ade76\" style=\"font-size:27px\"><strong><em>TFMs defendidos el 15 de octubre de 2021<\/em><\/strong>  <\/p>\n\n\n\n<p><em>Obtenci\u00f3n de Biodiesel a partir de aceite usado de la Ciudad de Ceuta. <strong>Mohamed Allitou Ahmed<\/strong><\/em> <\/p>\n\n\n\n<p><em>Supra-reciclaje de los posos del caf\u00e9. <strong>Juan Antonio P\u00e9rez L\u00f3pez<\/strong><\/em> <\/p>\n\n\n\n<p> <em>Estado del arte: Desarrollo de productos de inter\u00e9s industrial a partir del proceso de HDO del bio-oil obtenido en la pir\u00f3lisis r\u00e1pida de la lignina Kraft. <strong>Isabella Mariana Mall\u00f3n Mar\u00edn<\/strong><\/em> <\/p>\n\n\n\n<pre class=\"wp-block-preformatted\"><\/pre>\n\n\n\n<p class=\"has-luminous-vivid-orange-color has-text-color has-link-color wp-elements-7c4394af179df4d68cbf042b17d3b7d0\" id=\"block-10767b80-e7ee-464b-a1c9-0fe93457f12a\" style=\"font-size:27px\"><strong><em>TFMs defendidos el 19 y 20 de julio de 2021<\/em><\/strong> <\/p>\n\n\n\n<p>Est<em>udio de la preparaci\u00f3n de catalizadores de base carbonosa a partir de lignina para el proceso Fischer-Tropsch. <strong>Paula Cabrera Reyes<\/strong><\/em><\/p>\n\n\n\n<p><em>Conversi\u00f3n catal\u00edtica de CO<sub>2<\/sub> con H<sub>2<\/sub> a presi\u00f3n atmosf\u00e9rica con catalizador NiGa no soportado. <strong>Ibrahim Azaoum El Kahlaoui<\/strong><\/em><\/p>\n\n\n\n<p><em>Reducci\u00f3n catal\u00edtica de los nitratos presentes en el agua mediante catalizadores de Pd-Cu soportados sobre carb\u00f3n activo. <strong>Carlos Antonio F\u00fanez Narv\u00e1ez<\/strong><\/em><\/p>\n\n\n\n<p><em>Despolimerizaci\u00f3n oxidativa de lignina para producir vainillina. <strong>Mar\u00eda Nerea Rivas M\u00e1rquez<\/strong><\/em><\/p>\n\n\n\n<p><em>Estudio del proceso de obtenci\u00f3n de poli\u00e9steres derivados de glicerol empleando catalizadores funcionalizados \u00e1cidos<\/em>. <em><strong>Jesus Ojeda Rold\u00e1n<\/strong><\/em><\/p>\n\n\n\n<p><em>Catalizadores basados en CeO<sub>2<\/sub> para oxidaci\u00f3n de CO. <strong>Ezequiel A. Seisdedos de la Paz<\/strong><\/em><\/p>\n\n\n\n<p><em>Adsorci\u00f3n de compuestos de bio-oil sobre carbones activos. <strong>Rafael Ivan Fern\u00e1ndez Arag\u00f3n<\/strong><\/em><\/p>\n\n\n\n<p><em>Modelado Multif\u00edsico de una Planta de Tratamiento de Aguas Residuales. <strong>Imane Koufany<\/strong><\/em><\/p>\n\n\n\n<pre class=\"wp-block-preformatted\"><\/pre>\n\n\n\n<p class=\"has-luminous-vivid-orange-color has-text-color has-link-color wp-elements-109ef194c3a67b6c4f6c228d3d55d8aa\" style=\"font-size:27px\"><strong><em>TFMs defendidos el 23 de marzo de 2021<\/em><\/strong> <\/p>\n\n\n\n<p><em>Caracterizaci\u00f3n de los productos obtenidos durante la pir\u00f3lisis de residuos lignolelul\u00f3sicos.<\/em> <strong><em>Tatiana Fern\u00e1ndez Vega<\/em><\/strong><\/p>\n\n\n\n<p><em>Producci\u00f3n de hidr\u00f3geno mediante el reformado con vapor de compuestos modelo de bio-oil empleando catalizadores de n\u00edquel soportados sobre carb\u00f3n activo.<\/em> <strong><em>Dami\u00e1n Fern\u00e1ndez G\u00f3mez<\/em><\/strong><\/p>\n\n\n\n<pre class=\"wp-block-preformatted\"><\/pre>\n\n\n\n<hr class=\"wp-block-separator has-alpha-channel-opacity\"\/>\n\n\n\n<p class=\"has-pale-pink-color has-text-color has-link-color wp-elements-9ea9d9cf539acc256dac1e0822ed6c0c\" style=\"font-size:27px\"><strong><em>TFMs defendidos el 18 de diciembre de 2020<\/em><\/strong> <\/p>\n\n\n\n<p><em>S\u00edntesis de gamma valerolactona a partir de \u00e1cido levul\u00ednico mediante catalizadores de origen biom\u00e1sico.<\/em> <strong><em>Ricardo M. Rodr\u00edguez \u00c1lvarez<\/em><\/strong><\/p>\n\n\n\n<p><em>Simulaci\u00f3n de la producci\u00f3n de un biocombustible de aviaci\u00f3n a partir de biomasa.<\/em> <strong><em>Marcos Matilla Cabello<\/em><\/strong><\/p>\n\n\n\n<pre class=\"wp-block-preformatted\"><\/pre>\n\n\n\n<p class=\"has-pale-pink-color has-text-color has-link-color wp-elements-0a0f52807925381174e156e7bbda80de\" style=\"font-size:27px\"><strong><em>TFMs defendidos el 11 de noviembre de 2020<\/em><\/strong> <\/p>\n\n\n\n<p><em>Preparaci\u00f3n de electrodos de \u00f3xido de cobalto mediante spray pir\u00f3lisis para su aplicaci\u00f3n en supercondensadores.<\/em> <strong><em>Ram\u00f3n Anguita Ru\u00edz<\/em><\/strong><\/p>\n\n\n\n<pre class=\"wp-block-preformatted\"><\/pre>\n\n\n\n<p class=\"has-pale-pink-color has-text-color has-link-color wp-elements-b661d52b1df2cc1cda92ad8053a33ec8\" style=\"font-size:27px\"><strong><em>TFMs defendidos el 13 y 15 de julio de 2020<\/em> <\/strong>   <\/p>\n\n\n\n<p><em>Extracci\u00f3n y purificaci\u00f3n del Cannabis Sativa L.<\/em> <strong><em>Mireya Mart\u00edn \u00c1lvarez <\/em><\/strong><\/p>\n\n\n\n<p><em>Oxidaci\u00f3n de propano con CO<sub>2<\/sub> empleando catalizadores no soportados basados en Ni<\/em>.  <em><strong>Adri\u00e1n Rielves Luque<\/strong><\/em><\/p>\n\n\n\n<p><em><strong> <\/strong>Heterogeneizaci\u00f3n del proceso de obtenci\u00f3n de pol\u00edmeros hiperramificados empleando glicerina y \u00e1cidos dicarbox\u00edlicos<\/em>. <em><strong>Daniel Gallego Garc\u00eda<\/strong><\/em><\/p>\n\n\n\n<p><em>Transesterificaci\u00f3n y esterificaci\u00f3n simult\u00e1neas de materias grasas residuales para la obtenci\u00f3n de biodiesel\u20132G<\/em>.<em><strong> Irene Molina Ram\u00edrez<\/strong><\/em><\/p>\n\n\n\n<p><em>Sistema de Gesti\u00f3n Integrada para la Evaluaci\u00f3n y Mantenimiento de Proveedores en una Industria de Ingenier\u00eda<\/em>. <em><strong>Agatha G. Michelangelli Cede\u00f1o<\/strong><\/em><\/p>\n\n\n\n<p><em>Dise\u00f1o de membranas ionom\u00e9ricas reforzadas con nanofibras electrohiladas para aplicaci\u00f3n en c\u00e9lulas de combustible<\/em>. <em><strong>Carmen Fern\u00e1ndez Gallardo<\/strong><\/em><\/p>\n\n\n\n<p><em>Estudio Cin\u00e9tico de la Extracci\u00f3n de Cobalto y Litio de C\u00e1todos de LiCoO<sub>2<\/sub><\/em> . <em><strong>Luis Fernando Acedo Bueno<\/strong><\/em><\/p>\n\n\n\n<p><em>Sistemas basados en TiO<sub>2<\/sub> para la oxidaci\u00f3n fotoasistida de metanol<\/em>.  <em><strong>M\u00aa Luisa Garc\u00eda Albarrac\u00edn<\/strong><\/em><\/p>\n\n\n\n<p><em>Estudio de la regeneraci\u00f3n de un catalizador desactivado mediante deshidrataci\u00f3n de metanol<\/em>. <em><strong>Mar\u00eda del Carmen Recio Ruiz&nbsp; <\/strong><\/em><\/p>\n\n\n\n<p><em>Modelado y Simulaci\u00f3n de Procesos de Transporte y Cin\u00e9tica Qu\u00edmica mediante COMSOL Multiphysics<\/em>. <em><strong>Pedro Garc\u00eda Ruiz<\/strong><\/em><\/p>\n\n\n\n<p><em>Materiales polim\u00e9ricos para el almacenamiento de energ\u00eda<\/em>. <em><strong>Mar\u00eda Beatriz Rosales Reina<\/strong><\/em><\/p>\n\n\n\n<pre class=\"wp-block-preformatted\"><\/pre>\n\n\n\n<hr class=\"wp-block-separator has-alpha-channel-opacity\"\/>\n\n\n\n<p class=\"has-light-green-cyan-color has-text-color has-link-color wp-elements-fab1bf4d41727a0893f38ae9ede04a24\" style=\"font-size:27px\"><strong><em>TFMs defendidos el 15 de octubre de 2019<\/em> <\/strong> <\/p>\n\n\n\n<p><em>S\u00edntesis y caracterizaci\u00f3n de electrolitos polim\u00e9ricos para su aplicaci\u00f3n en dispositivos de almacenamiento de energ\u00eda. <strong>Alianny Brito P\u00e9rez  <\/strong><\/em><\/p>\n\n\n\n<p><em>Analysis of carbonaceous materials used as support for copper catalysts<\/em>.  <em><strong>Francisco Javier Mart\u00edn Jim\u00e9nez <\/strong><\/em><\/p>\n\n\n\n<pre class=\"wp-block-preformatted\"><\/pre>\n\n\n\n<p class=\"has-light-green-cyan-color has-text-color has-link-color wp-elements-ac8f43f09b341b3e430333f4ad03262d\" style=\"font-size:27px\"> <strong><em>TFMs defendidos el 19 de junio de 2019<\/em> <\/strong>  <\/p>\n\n\n\n<p><em>Recuperaci\u00f3n selectiva de los metales de las bater\u00edas de i\u00f3n-litio mediante t\u00e9cnicas electrodial\u00edticas. <\/em><strong><em>Mar\u00eda del Mar Cerrillo Gonz\u00e1lez<\/em><\/strong><\/p>\n\n\n\n<p><em>Condensaci\u00f3n oxidativa de furfural sobre catalizadores de Pd soportados sobre carb\u00f3n activo.<\/em> <em><strong>Virgina L\u00f3pez Bujalance<\/strong><\/em><\/p>\n\n\n\n<p><em>Eliminaci\u00f3n de hidrocarburos arom\u00e1ticos polic\u00edclicos en la planta potabilizadora de El Atabal<\/em>. <em><strong>Isabel Guti\u00e9rrez Urbano<\/strong><\/em><\/p>\n\n\n\n<pre class=\"wp-block-preformatted\"><\/pre>\n\n\n\n<p class=\"has-text-align-left has-light-green-cyan-color has-text-color has-link-color wp-elements-de1e4bd9d36a10495a3d98156c5dda11\" style=\"font-size:27px\"><strong><em>TFMs defendidos el 15 de marzo de 2019<\/em>  <\/strong>           <\/p>\n\n\n\n<p><em>Ni-Ga no soportado como catalizador para la hidrogenaci\u00f3n de CO2 a presi\u00f3n atmosf\u00e9rica. <strong>Jos\u00e9 Manuel Jim\u00e9nez Mart\u00edn<\/strong> <\/em><\/p>\n\n\n\n<p class=\"has-text-align-left\"><em>Influencia de la textura porosa en la adsorci\u00f3n de contaminantes emergentes sobre carbones activos. <strong>M\u00f3nica Mart\u00edn Corral<\/strong> <\/em><\/p>\n\n\n\n<p><em>Catalizador NiBa para un proceso c\u00edclico-alternante de captura de CO2 y conversi\u00f3n con CH4 a productos de inter\u00e9s. <strong>Sergio Molina Ram\u00edrez<\/strong> <\/em><\/p>\n\n\n\n<p><em>Desarrollo de nuevos agentes de contraste para imagen multimodal basados en nanopart\u00edculas de Terbio. <strong>Jos\u00e9 Mar\u00eda Paez Mu\u00f1oz<\/strong> <\/em><\/p>\n\n\n\n<p><em>Titania nanotubes coating Au, Ag and Au-Ag alloy clusters for Visible Light photocatalytic degradation of refractory pollutants in water. <strong>Nicol\u00f3 Zanin<\/strong><\/em><\/p>\n\n\n\n<pre class=\"wp-block-preformatted\"><\/pre>\n\n\n<p><!--EndFragment--><\/p>\n\n\n<figure class=\"wp-block-gallery aligncenter has-nested-images columns-default is-cropped wp-block-gallery-1 is-layout-flex wp-block-gallery-is-layout-flex\">\n<figure class=\"wp-block-image size-large\"><img loading=\"lazy\" decoding=\"async\" width=\"472\" height=\"260\" data-id=\"683\" src=\"https:\/\/www.master-ingenieria-quimica.uma.es\/wp-content\/uploads\/2021\/04\/tfm_2020.png\" alt=\"\" class=\"wp-image-683\"\/><\/figure>\n<\/figure>\n\n\n\n<p><\/p>\n","protected":false},"excerpt":{"rendered":"<p>TFMs defendidos el 28 octubre de 2025 Evaluaci\u00f3n de riesgos y eficacia de programas de tratamiento del agua frente a legionella spp. en cl\u00ednicas dentales. &nbsp;Tom\u00e1s Gonz\u00e1lez Ram\u00edrez Estrategias de Optimizaci\u00f3n para la secci\u00f3n de Fraccionamiento en la Unidad de Isomerizaci\u00f3n del Parque Energ\u00e9tico de San Roque (MOEVE) . Laura S\u00e1nchez S\u00e1nchez Estudio de la [&hellip;]<\/p>\n","protected":false},"author":1,"featured_media":0,"parent":0,"menu_order":0,"comment_status":"closed","ping_status":"closed","template":"","meta":{"footnotes":""},"class_list":["post-462","page","type-page","status-publish","hentry"],"_links":{"self":[{"href":"https:\/\/www.master-ingenieria-quimica.uma.es\/index.php\/wp-json\/wp\/v2\/pages\/462","targetHints":{"allow":["GET"]}}],"collection":[{"href":"https:\/\/www.master-ingenieria-quimica.uma.es\/index.php\/wp-json\/wp\/v2\/pages"}],"about":[{"href":"https:\/\/www.master-ingenieria-quimica.uma.es\/index.php\/wp-json\/wp\/v2\/types\/page"}],"author":[{"embeddable":true,"href":"https:\/\/www.master-ingenieria-quimica.uma.es\/index.php\/wp-json\/wp\/v2\/users\/1"}],"replies":[{"embeddable":true,"href":"https:\/\/www.master-ingenieria-quimica.uma.es\/index.php\/wp-json\/wp\/v2\/comments?post=462"}],"version-history":[{"count":0,"href":"https:\/\/www.master-ingenieria-quimica.uma.es\/index.php\/wp-json\/wp\/v2\/pages\/462\/revisions"}],"wp:attachment":[{"href":"https:\/\/www.master-ingenieria-quimica.uma.es\/index.php\/wp-json\/wp\/v2\/media?parent=462"}],"curies":[{"name":"wp","href":"https:\/\/api.w.org\/{rel}","templated":true}]}}