{"id":507,"date":"2020-03-16T15:10:03","date_gmt":"2020-03-16T14:10:03","guid":{"rendered":"http:\/\/www.master-ingenieria-quimica.uma.es\/?page_id=507"},"modified":"2023-01-29T14:11:43","modified_gmt":"2023-01-29T13:11:43","slug":"reglamento-y-normativa","status":"publish","type":"page","link":"https:\/\/www.master-ingenieria-quimica.uma.es\/index.php\/reglamento-y-normativa\/","title":{"rendered":"Reglamento y Normativa"},"content":{"rendered":"\n<pre class=\"wp-block-preformatted\"><\/pre>\n\n\n\n<p><a rel=\"noreferrer noopener\" aria-label=\"Normativa Trabajos Fin de Estudios de la UMA (se abre en una nueva pesta\u00f1a)\" href=\"https:\/\/bit.ly\/3b65r9L\" target=\"_blank\">Normativa <em>Trabajos Fin de Estudios <\/em>de la UMA<\/a><\/p>\n\n\n\n<p class=\"has-medium-font-size\"><a rel=\"noreferrer noopener\" aria-label=\"Reglamento TFMs. Facultad de Ciencias (se abre en una nueva pesta\u00f1a)\" href=\"https:\/\/bit.ly\/2WkfyDp\" target=\"_blank\">Reglamento <em>TFMs<\/em>. Facultad de Ciencias<\/a> (diciembre de 2019) <\/p>\n\n\n\n<p class=\"has-medium-font-size\">Reglamento TFMs Facultad de Ciencias.<em><strong> <a href=\"https:\/\/www.uma.es\/facultad-de-ciencias\/navegador_de_ficheros\/archivos_ciencias\/descargar\/Normativa%20propia\/Reglamento_TFM_Ciencias_20181217.pdf\">Modificaci\u00f3n 30 de junio de 2021<\/a><\/strong><\/em><\/p>\n\n\n\n<p class=\"has-medium-font-size\"><a rel=\"noreferrer noopener\" href=\"https:\/\/mop.cv.uma.es\/course\/view.php?id=13238&amp;section=1\" target=\"_blank\">Formulario para <em>Dep\u00f3sito del TFM<\/em><\/a><\/p>\n\n\n\n<div class=\"wp-block-group\"><div class=\"wp-block-group__inner-container is-layout-constrained wp-block-group-is-layout-constrained\">\n<div class=\"wp-block-group is-nowrap is-layout-flex wp-container-core-group-is-layout-ad2f72ca wp-block-group-is-layout-flex\">\n<p class=\"has-medium-font-size\">Procedimiento de Adjudicaci\u00f3n y Evaluaci\u00f3n:<\/p>\n\n\n\n<div class=\"wp-block-file\"><a id=\"wp-block-file--media-669c52d8-fa1d-4a44-99f9-45c8e7904edc\" href=\"https:\/\/www.master-ingenieria-quimica.uma.es\/wp-content\/uploads\/2022\/01\/MIQ-UMA-TFMs-Procedimientos-de-Adjudicacion-y-Rubrica.pdf\">MIQ-UMA-TFMs-Procedimientos-de-Adjudicacion-y-Evaluaci\u00f3n<\/a><\/div>\n<\/div>\n\n\n\n<pre class=\"wp-block-preformatted\"><\/pre>\n\n\n\n<pre class=\"wp-block-preformatted\"><\/pre>\n\n\n\n<figure class=\"wp-block-gallery has-nested-images columns-default is-cropped wp-block-gallery-1 is-layout-flex wp-block-gallery-is-layout-flex\">\n<figure class=\"wp-block-image size-large\"><img loading=\"lazy\" decoding=\"async\" width=\"6172\" height=\"2608\" data-id=\"680\" src=\"http:\/\/www.master-ingenieria-quimica.uma.es\/wp-content\/uploads\/2021\/03\/Ciencias-recortada.jpg\" alt=\"\" class=\"wp-image-680\"\/><\/figure>\n<\/figure>\n<\/div><\/div>\n","protected":false},"excerpt":{"rendered":"<p>Normativa Trabajos Fin de Estudios de la UMA Reglamento TFMs. Facultad de Ciencias (diciembre de 2019) Reglamento TFMs Facultad de Ciencias. Modificaci\u00f3n 30 de junio de 2021 Formulario para Dep\u00f3sito del TFM Procedimiento de Adjudicaci\u00f3n y Evaluaci\u00f3n:<\/p>\n","protected":false},"author":1,"featured_media":0,"parent":0,"menu_order":0,"comment_status":"closed","ping_status":"closed","template":"","meta":{"footnotes":""},"class_list":["post-507","page","type-page","status-publish","hentry"],"_links":{"self":[{"href":"https:\/\/www.master-ingenieria-quimica.uma.es\/index.php\/wp-json\/wp\/v2\/pages\/507","targetHints":{"allow":["GET"]}}],"collection":[{"href":"https:\/\/www.master-ingenieria-quimica.uma.es\/index.php\/wp-json\/wp\/v2\/pages"}],"about":[{"href":"https:\/\/www.master-ingenieria-quimica.uma.es\/index.php\/wp-json\/wp\/v2\/types\/page"}],"author":[{"embeddable":true,"href":"https:\/\/www.master-ingenieria-quimica.uma.es\/index.php\/wp-json\/wp\/v2\/users\/1"}],"replies":[{"embeddable":true,"href":"https:\/\/www.master-ingenieria-quimica.uma.es\/index.php\/wp-json\/wp\/v2\/comments?post=507"}],"version-history":[{"count":0,"href":"https:\/\/www.master-ingenieria-quimica.uma.es\/index.php\/wp-json\/wp\/v2\/pages\/507\/revisions"}],"wp:attachment":[{"href":"https:\/\/www.master-ingenieria-quimica.uma.es\/index.php\/wp-json\/wp\/v2\/media?parent=507"}],"curies":[{"name":"wp","href":"https:\/\/api.w.org\/{rel}","templated":true}]}}