{"id":550,"date":"2020-05-15T12:58:25","date_gmt":"2020-05-15T10:58:25","guid":{"rendered":"http:\/\/www.master-ingenieria-quimica.uma.es\/?page_id=550"},"modified":"2026-02-01T14:07:02","modified_gmt":"2026-02-01T13:07:02","slug":"informacion-del-titulo","status":"publish","type":"page","link":"https:\/\/www.master-ingenieria-quimica.uma.es\/index.php\/informacion-del-titulo\/","title":{"rendered":"Informaci\u00f3n del T\u00edtulo"},"content":{"rendered":"\n<pre class=\"wp-block-preformatted\"><\/pre>\n\n\n\n<hr class=\"wp-block-separator has-alpha-channel-opacity\"\/>\n\n\n\n<p class=\"has-vivid-red-color has-text-color has-link-color has-large-font-size wp-elements-494f71941ba47f20731caceeac2f869a\"><strong><em>Informe MIQ Interuniversitario ACCUA<\/em> Curso 2024-2025<\/strong><\/p>\n\n\n\n<div class=\"wp-block-file\"><a id=\"wp-block-file--media-06244fcc-e748-4639-af8e-f152b6e1b150\" href=\"https:\/\/www.master-ingenieria-quimica.uma.es\/wp-content\/uploads\/2026\/02\/Informe-Final-4315083-ACCUA_noviembre-2025.pdf\">Informe Final 4315083-ACCUA 2024-2025<\/a><\/div>\n\n\n\n<hr class=\"wp-block-separator has-alpha-channel-opacity\"\/>\n\n\n\n<p><\/p>\n\n\n\n<p class=\"has-vivid-cyan-blue-color has-text-color has-link-color has-large-font-size wp-elements-bfae0ce39ed7c7250ae3bd6dd8df0886\"><strong>ACCESO, ADMISI\u00d3N Y PREINSCRIPCI\u00d3N&nbsp;25|26<\/strong><\/p>\n\n\n\n<p class=\"has-vivid-cyan-blue-color has-text-color has-link-color has-large-font-size wp-elements-c5407a20e839d9e8b62599bea8957207\"> <a href=\"https:\/\/www.uma.es\/acceso\/info\/4275\/master\/\"><em>Universidad de M\u00e1laga<\/em><\/a><\/p>\n\n\n\n<pre class=\"wp-block-preformatted has-luminous-vivid-orange-color has-text-color has-link-color has-medium-font-size wp-elements-22a0f1667c5edc1dd86cfba7648f18dc\"><a href=\"https:\/\/www.juntadeandalucia.es\/economiaconocimientoempresasyuniversidad\/sguit\/?q=masteres&amp;d=mo_calendario.php\"><em>Calendario de preinscripci\u00f3n a m\u00e1steres<\/em><\/a><\/pre>\n\n\n\n<hr class=\"wp-block-separator has-alpha-channel-opacity\"\/>\n\n\n\n<p><\/p>\n\n\n\n<p class=\"has-medium-font-size\"><strong>MIQ<\/strong>&#8211;<strong><a href=\"http:\/\/www.master-ingenieria-quimica.uma.es\/wp-content\/uploads\/2025\/07\/Autoinforme-MIQ-2023-2024.pdf\">Autoinforme Seguimiento<\/a><\/strong> <em><strong>Curso 2023-2024<\/strong><\/em><\/p>\n\n\n\n<p><\/p>\n\n\n\n<pre class=\"wp-block-preformatted\"><\/pre>\n\n\n\n<p><\/p>\n\n\n\n<hr class=\"wp-block-separator has-alpha-channel-opacity\"\/>\n\n\n\n<p>MIQ-<strong><a href=\"http:\/\/www.master-ingenieria-quimica.uma.es\/wp-content\/uploads\/2024\/05\/Autoinforme-Seguimiento-MIQ-Curso-2022-2023.-Aprobado-CGC-JF-UCA.zip\">AUTOINFORME SEGUIMIENTO<\/a> <em>Curso 2022-2023<\/em><\/strong><\/p>\n\n\n\n<p><em>Convocatoria Febrero 2024-Aprobado 30 abril 2024<\/em><\/p>\n\n\n\n<hr class=\"wp-block-separator has-alpha-channel-opacity\"\/>\n\n\n\n<p><a href=\"https:\/\/www.uma.es\/seccion-de-estudiantes\/info\/141947\/matriculacion-grado-y-master-23_24\/\"><strong>MATRICULACI\u00d3N GRADO y M\u00c1STER 2023-2024<\/strong><\/a><\/p>\n\n\n\n<hr class=\"wp-block-separator has-alpha-channel-opacity\"\/>\n\n\n\n<pre class=\"wp-block-preformatted\"><\/pre>\n\n\n\n<p class=\"has-medium-font-size\"><strong><a rel=\"noreferrer noopener\" aria-label=\" (se abre en una nueva pesta\u00f1a)\" href=\"https:\/\/ciencias.uca.es\/master-interuniversitario-en-ingenieria-quimica-2\/\" target=\"_blank\">Informaci\u00f3n del T\u00edtulo<\/a> <\/strong><\/p>\n\n\n\n<p class=\"has-medium-font-size\"><a href=\"https:\/\/ciencias.uca.es\/coordinacion-docente-horizontal-y-vertical\/\"><strong>Coordinaci\u00f3n Docente Horizontal y Vertical: CAM y CGCM<\/strong><\/a><\/p>\n\n\n\n<p class=\"has-medium-font-size\"><em>Calendario de implantaci\u00f3n del T\u00edtulo<\/em>: <a href=\"https:\/\/ciencias.uca.es\/cronograma-de-implantacion\/\">https:\/\/ciencias.uca.es\/cronograma-de-implantacion\/<\/a><\/p>\n\n\n\n<p class=\"has-medium-font-size\"><em>Criterios y procedimiento espec\u00edfico para una posible extinci\u00f3n del t\u00edtulo<\/em>: <a rel=\"noreferrer noopener\" href=\"https:\/\/ciencias.uca.es\/criterios-y-procedimiento-especifico-para-una-posible-extincion-del-titulo\/\" data-type=\"URL\" data-id=\"https:\/\/ciencias.uca.es\/criterios-y-procedimiento-especifico-para-una-posible-extincion-del-titulo\/\" target=\"_blank\">https:\/\/ciencias.uca.es\/criterios-y-procedimiento-especifico-para-una-posible-extincion-del-titulo\/<\/a><\/p>\n\n\n\n<pre class=\"wp-block-preformatted\"><\/pre>\n\n\n\n<p class=\"has-medium-font-size\"><a href=\"https:\/\/www.uma.es\/calidad\/info\/22713\/calidad\/\" data-type=\"URL\" data-id=\"https:\/\/www.uma.es\/calidad\/info\/22713\/calidad\/\"><strong>Sistema Garant\u00eda de Calidad UMA<\/strong><\/a><\/p>\n\n\n\n<p class=\"has-vivid-cyan-blue-color has-text-color has-medium-font-size\">Informaci\u00f3n adicional sobre el t\u00edtulo universitario oficial <strong>RESULTADOS del T\u00cdTULO<\/strong> <a href=\"https:\/\/www.uma.es\/master-en-ingenieria-quimica\/\" target=\"_blank\" rel=\"noreferrer noopener\">https:\/\/www.uma.es\/master-en-ingenieria-quimica\/<\/a><\/p>\n\n\n\n<p class=\"has-medium-font-size\"><a rel=\"noreferrer noopener\" href=\"https:\/\/www.uma.es\/calidad\/cms\/menu\/quejas-sugerencias-y-felicitaciones\/\" target=\"_blank\"><strong>Procedimiento para realizar sugerencias o reclamaciones<\/strong><\/a><\/p>\n\n\n\n<pre class=\"wp-block-preformatted\"><\/pre>\n\n\n\n<p class=\"has-medium-font-size\"><em><a href=\"https:\/\/ciencias.uca.es\/informes\/\" target=\"_blank\" rel=\"noreferrer noopener\" aria-label=\" (se abre en una nueva pesta\u00f1a)\">Informes DEVA<\/a> <\/em> <\/p>\n\n\n\n<p class=\"has-medium-font-size\"><strong>Sistema de Garant\u00eda de Calidad<\/strong>  <a rel=\"noreferrer noopener\" aria-label=\"MIQ Autoinformes (se abre en una nueva pesta\u00f1a)\" href=\"https:\/\/bit.ly\/2U9rqWl\" target=\"_blank\"><em><strong> Autoinformes<\/strong><\/em><\/a>  <em> <\/em><\/p>\n\n\n\n<pre class=\"wp-block-preformatted\"><\/pre>\n\n\n\n<div class=\"wp-block-group\"><div class=\"wp-block-group__inner-container is-layout-flow wp-block-group-is-layout-flow\">\n<p class=\"has-medium-font-size\"><strong><a href=\"https:\/\/ciencias.uca.es\/master-interuniversitario-en-ingenieria-quimica-2\/\" target=\"_blank\" rel=\"noreferrer noopener\">Renovaci\u00f3n Acreditaci\u00f3n T\u00edtulo<\/a>.  Convocatoria 2021-2022 <\/strong><\/p>\n\n\n\n<div class=\"wp-block-file\"><a id=\"wp-block-file--media-f6dcd864-5d23-422f-8005-eb64de129ce7\" href=\"https:\/\/www.master-ingenieria-quimica.uma.es\/wp-content\/uploads\/2022\/01\/AUTOINFORME-Renovacion-Acreditacion-2021-1.pdf\">AUTOINFORME-Renovacion-Acreditacion-2021-1<\/a><a href=\"https:\/\/www.master-ingenieria-quimica.uma.es\/wp-content\/uploads\/2022\/01\/AUTOINFORME-Renovacion-Acreditacion-2021-1.pdf\" class=\"wp-block-file__button wp-element-button\" download aria-describedby=\"wp-block-file--media-f6dcd864-5d23-422f-8005-eb64de129ce7\">Descarga<\/a><\/div>\n\n\n\n<pre class=\"wp-block-preformatted\"><\/pre>\n\n\n\n<p><\/p>\n<\/div><\/div>\n\n\n\n<p class=\"has-medium-font-size\"><a href=\"https:\/\/ciencias.uca.es\/wp-content\/uploads\/2020\/03\/Plan-de-Mejora.-Master-en-Ingenieria-Quimica-24-de-febrero-2020.pdf?u\" target=\"_blank\" rel=\"noreferrer noopener\" aria-label=\" (se abre en una nueva pesta\u00f1a)\"><em>Seguimiento Planes de Mejora  <\/em><\/a><\/p>\n\n\n\n<p class=\"has-medium-font-size\"><em><a rel=\"noreferrer noopener\" aria-label=\" (se abre en una nueva pesta\u00f1a)\" href=\"https:\/\/ciencias.uca.es\/wp-content\/uploads\/2017\/06\/0266_memoria.pdf?u\" target=\"_blank\">Memoria del M\u00e1ster<\/a>    <\/em><\/p>\n\n\n\n<pre class=\"wp-block-preformatted\"><\/pre>\n\n\n\n<figure class=\"wp-block-gallery aligncenter has-nested-images columns-default is-cropped wp-block-gallery-1 is-layout-flex wp-block-gallery-is-layout-flex\">\n<figure class=\"wp-block-image size-large\"><img loading=\"lazy\" decoding=\"async\" width=\"647\" height=\"437\" data-id=\"274\" src=\"http:\/\/www.master-ingenieria-quimica.uma.es\/wp-content\/uploads\/2016\/12\/TWIter-MIQ-copia-3.png\" alt=\"\" class=\"wp-image-274\" srcset=\"https:\/\/www.master-ingenieria-quimica.uma.es\/wp-content\/uploads\/2016\/12\/TWIter-MIQ-copia-3.png 647w, https:\/\/www.master-ingenieria-quimica.uma.es\/wp-content\/uploads\/2016\/12\/TWIter-MIQ-copia-3-300x203.png 300w\" sizes=\"auto, (max-width: 647px) 100vw, 647px\" \/><\/figure>\n<\/figure>\n","protected":false},"excerpt":{"rendered":"<p>Informe MIQ Interuniversitario ACCUA Curso 2024-2025 ACCESO, ADMISI\u00d3N Y PREINSCRIPCI\u00d3N&nbsp;25|26 Universidad de M\u00e1laga Calendario de preinscripci\u00f3n a m\u00e1steres MIQ&#8211;Autoinforme Seguimiento Curso 2023-2024 MIQ-AUTOINFORME SEGUIMIENTO Curso 2022-2023 Convocatoria Febrero 2024-Aprobado 30 abril 2024 MATRICULACI\u00d3N GRADO y M\u00c1STER 2023-2024 Informaci\u00f3n del T\u00edtulo Coordinaci\u00f3n Docente Horizontal y Vertical: CAM y CGCM Calendario de implantaci\u00f3n del T\u00edtulo: https:\/\/ciencias.uca.es\/cronograma-de-implantacion\/ Criterios [&hellip;]<\/p>\n","protected":false},"author":1,"featured_media":0,"parent":0,"menu_order":0,"comment_status":"closed","ping_status":"closed","template":"","meta":{"footnotes":""},"class_list":["post-550","page","type-page","status-publish","hentry"],"_links":{"self":[{"href":"https:\/\/www.master-ingenieria-quimica.uma.es\/index.php\/wp-json\/wp\/v2\/pages\/550","targetHints":{"allow":["GET"]}}],"collection":[{"href":"https:\/\/www.master-ingenieria-quimica.uma.es\/index.php\/wp-json\/wp\/v2\/pages"}],"about":[{"href":"https:\/\/www.master-ingenieria-quimica.uma.es\/index.php\/wp-json\/wp\/v2\/types\/page"}],"author":[{"embeddable":true,"href":"https:\/\/www.master-ingenieria-quimica.uma.es\/index.php\/wp-json\/wp\/v2\/users\/1"}],"replies":[{"embeddable":true,"href":"https:\/\/www.master-ingenieria-quimica.uma.es\/index.php\/wp-json\/wp\/v2\/comments?post=550"}],"version-history":[{"count":0,"href":"https:\/\/www.master-ingenieria-quimica.uma.es\/index.php\/wp-json\/wp\/v2\/pages\/550\/revisions"}],"wp:attachment":[{"href":"https:\/\/www.master-ingenieria-quimica.uma.es\/index.php\/wp-json\/wp\/v2\/media?parent=550"}],"curies":[{"name":"wp","href":"https:\/\/api.w.org\/{rel}","templated":true}]}}