{"id":563,"date":"2020-06-12T09:42:02","date_gmt":"2020-06-12T07:42:02","guid":{"rendered":"http:\/\/www.master-ingenieria-quimica.uma.es\/?page_id=563"},"modified":"2025-10-26T20:27:30","modified_gmt":"2025-10-26T19:27:30","slug":"trabajos-fin-de-master-en-curso","status":"publish","type":"page","link":"https:\/\/www.master-ingenieria-quimica.uma.es\/index.php\/trabajos-fin-de-master-en-curso\/","title":{"rendered":"Trabajos Fin de M\u00e1ster. Convocatorias"},"content":{"rendered":"\n<p><br><\/p>\n\n\n\n<h1 class=\"wp-block-heading\"><\/h1>\n\n\n\n<pre class=\"wp-block-preformatted\"><\/pre>\n\n\n\n<p class=\"has-vivid-cyan-blue-color has-text-color has-link-color has-large-font-size wp-elements-238350c4d45f4c21f86c58f8cf273103\"><em>MIQ-TFMs. <\/em><strong>Convocatoria Septiembre-Octubre 2025<\/strong><\/p>\n\n\n\n<p class=\"has-vivid-cyan-blue-color has-text-color has-link-color has-large-font-size wp-elements-0e11d91842bb2c4108f6cd88d7f8642a\"><strong><a href=\"http:\/\/www.master-ingenieria-quimica.uma.es\/wp-content\/uploads\/2025\/10\/Anuncio-TFMs-Convocatoria-OCTUBRE-2025-Con-Tribunal-1.pdf\">Curso 2024-2025 (2\u00aa convocatoria)<\/a><\/strong><\/p>\n\n\n\n<pre class=\"wp-block-preformatted\"><\/pre>\n\n\n\n<div data-wp-interactive=\"core\/file\" class=\"wp-block-file\"><object data-wp-bind--hidden=\"!state.hasPdfPreview\" hidden class=\"wp-block-file__embed\" data=\"https:\/\/www.master-ingenieria-quimica.uma.es\/wp-content\/uploads\/2025\/10\/Anuncio-TFMs-Convocatoria-OCTUBRE-2025-Con-Tribunal.pdf\" type=\"application\/pdf\" style=\"width:100%;height:600px\" aria-label=\"Incrustado de Anuncio TFMs Convocatoria OCTUBRE  2025 Con Tribunal.\"><\/object><a id=\"wp-block-file--media-6110f1a6-0b15-46bc-b6c3-7ce35670b2dc\" href=\"https:\/\/www.master-ingenieria-quimica.uma.es\/wp-content\/uploads\/2025\/10\/Anuncio-TFMs-Convocatoria-OCTUBRE-2025-Con-Tribunal.pdf\" target=\"_blank\" rel=\"noreferrer noopener\">Anuncio TFMs Convocatoria OCTUBRE  2025 Con Tribunal<\/a><\/div>\n\n\n\n<hr class=\"wp-block-separator has-alpha-channel-opacity\"\/>\n\n\n\n<p class=\"has-vivid-cyan-blue-color has-text-color has-link-color has-large-font-size wp-elements-e9c17c8487d8ff9aa2d1224d380f1e56\"><em>MIQ-TFMs. <\/em><strong>Convocatoria Junio-Julio 2025<\/strong><\/p>\n\n\n\n<p class=\"has-vivid-cyan-blue-color has-text-color has-link-color has-large-font-size wp-elements-2149be8fba275cf655b01739fceeb2e3\">Curso 2024-2025<br><\/p>\n\n\n\n<hr class=\"wp-block-separator has-alpha-channel-opacity\"\/>\n\n\n\n<pre class=\"wp-block-preformatted\"><\/pre>\n\n\n\n<p class=\"has-vivid-cyan-blue-color has-text-color has-link-color has-large-font-size wp-elements-6e9e55875ed28f9db61d56329b65f173\"><strong><em>MIQ-TFMs. <\/em><a href=\"http:\/\/www.master-ingenieria-quimica.uma.es\/wp-content\/uploads\/2024\/10\/Anuncio-TFMs-Convocatoria-OCTUBRE-2024-Con-Tribunal-2.pdf\">Convocatoria OCTUBRE 2024<\/a><\/strong><\/p>\n\n\n\n<p class=\"has-vivid-cyan-blue-color has-text-color has-link-color has-medium-font-size wp-elements-2ba8345cdb89932f2045fc50305f8420\"><strong>Curso 2023-2024<\/strong><\/p>\n\n\n\n<figure class=\"wp-block-gallery has-nested-images columns-default is-cropped wp-block-gallery-1 is-layout-flex wp-block-gallery-is-layout-flex\">\n<figure class=\"wp-block-image size-full\"><img loading=\"lazy\" decoding=\"async\" width=\"1820\" height=\"2573\" data-id=\"1114\" src=\"https:\/\/www.master-ingenieria-quimica.uma.es\/wp-content\/uploads\/2024\/10\/Anuncio-TFMs-Convocatoria-OCTUBRE-2024-Con-Tribunal_Pagina_1-3.jpg\" alt=\"\" class=\"wp-image-1114\"\/><\/figure>\n\n\n\n<figure class=\"wp-block-image size-full\"><img loading=\"lazy\" decoding=\"async\" width=\"1654\" height=\"2339\" data-id=\"1111\" src=\"https:\/\/www.master-ingenieria-quimica.uma.es\/wp-content\/uploads\/2024\/10\/Anuncio-TFMs-Convocatoria-OCTUBRE-2024-Con-Tribunal_Pagina_2-3.jpg\" alt=\"\" class=\"wp-image-1111\"\/><\/figure>\n<\/figure>\n\n\n\n<hr class=\"wp-block-separator has-alpha-channel-opacity\"\/>\n\n\n\n<pre class=\"wp-block-preformatted\"><\/pre>\n\n\n\n<p class=\"has-vivid-cyan-blue-color has-text-color has-link-color has-large-font-size wp-elements-b43c4a0a1dcecf548b7a1aa950c26d42\"><strong><em><a href=\"http:\/\/www.master-ingenieria-quimica.uma.es\/wp-content\/uploads\/2024\/07\/Anuncio-TFMs-Convocatoria-JULIO-2024-Con-Tribunal-2.pdf\">MIQ-TFMs.<\/a> <\/em><a href=\"https:\/\/mop.cv.uma.es\/course\/view.php?id=19037\">Convocatoria JULIO 2024<\/a> <\/strong><\/p>\n\n\n\n<p class=\"has-vivid-cyan-blue-color has-text-color has-link-color has-medium-font-size wp-elements-2ba8345cdb89932f2045fc50305f8420\"><strong>Curso 2023-2024<\/strong><\/p>\n\n\n<div class=\"wp-block-image wp-duotone-unset-2\">\n<figure class=\"aligncenter size-full is-resized\"><img loading=\"lazy\" decoding=\"async\" width=\"2481\" height=\"3508\" src=\"https:\/\/www.master-ingenieria-quimica.uma.es\/wp-content\/uploads\/2024\/07\/Anuncio-TFMs-Convocatoria-JULIO-2024.jpeg\" alt=\"\" class=\"wp-image-1078\" style=\"width:467px;height:auto\"\/><\/figure>\n<\/div>\n\n\n<hr class=\"wp-block-separator has-alpha-channel-opacity\"\/>\n\n\n\n<pre class=\"wp-block-preformatted\"><\/pre>\n\n\n\n<p class=\"has-vivid-cyan-blue-color has-text-color has-link-color has-large-font-size wp-elements-9f7407b2b9d89bfcb5836ed30ebca7f4\"><strong><a href=\"http:\/\/www.master-ingenieria-quimica.uma.es\/wp-content\/uploads\/2024\/02\/Anuncio-TFMs-Convocatoria-FEBRERO-2024.pdf\">MIQ-TFMs.<\/a> <a href=\"http:\/\/www.master-ingenieria-quimica.uma.es\/wp-content\/uploads\/2024\/02\/Convocatoria-Febrero-Marzo.pdf\"><em>Convocatoria FEBRERO 2024<\/em><\/a><\/strong><\/p>\n\n\n\n<p class=\"has-vivid-cyan-blue-color has-text-color has-link-color has-medium-font-size wp-elements-2ba8345cdb89932f2045fc50305f8420\"><strong>Curso 2023-2024<\/strong><\/p>\n\n\n<div class=\"wp-block-image\">\n<figure class=\"aligncenter size-full is-resized\"><img loading=\"lazy\" decoding=\"async\" width=\"809\" height=\"815\" src=\"https:\/\/www.master-ingenieria-quimica.uma.es\/wp-content\/uploads\/2024\/02\/Convocatoria-WEB-TFM-Febrero-2024.png\" alt=\"\" class=\"wp-image-1042\" style=\"width:423px;height:auto\"\/><\/figure>\n<\/div>\n\n\n<pre class=\"wp-block-preformatted\"><\/pre>\n\n\n\n<hr class=\"wp-block-separator has-alpha-channel-opacity\"\/>\n\n\n\n<h1 class=\"wp-block-heading has-text-align-left\"><a href=\"http:\/\/www.master-ingenieria-quimica.uma.es\/wp-content\/uploads\/2023\/10\/Anuncio-TFMs-Convocatoria-OCTUBRE-2023-Con-Tribunal-2.pdf\"><strong>MIQ-TFMs.<\/strong> <\/a><a href=\"https:\/\/mop.cv.uma.es\/course\/view.php?id=17201&amp;section=5\"><strong>Convocatoria OCTUBRE 2023<\/strong><\/a><\/h1>\n\n\n<div class=\"wp-block-image\">\n<figure class=\"aligncenter size-full is-resized\"><a href=\"https:\/\/www.master-ingenieria-quimica.uma.es\/wp-content\/uploads\/2023\/10\/Convocatoria-Octubre-2023.jpg\" target=\"_blank\" rel=\"http:\/\/www.master-ingenieria-quimica.uma.es\/wp-content\/uploads\/2023\/10\/Anuncio-TFMs-Convocatoria-OCTUBRE-2023-Con-Tribunal-2.pdf noreferrer noopener\"><img loading=\"lazy\" decoding=\"async\" width=\"645\" height=\"649\" src=\"http:\/\/www.master-ingenieria-quimica.uma.es\/wp-content\/uploads\/2023\/10\/Convocatoria-Octubre-2023.jpg\" alt=\"\" class=\"wp-image-1018\" style=\"width:342px;height:auto\"\/><\/a><\/figure>\n<\/div>\n\n\n<pre class=\"wp-block-preformatted\"><\/pre>\n\n\n\n<h2 class=\"wp-block-heading has-vivid-cyan-blue-color has-text-color has-x-large-font-size\"><strong>MIQ-TFMs. <a href=\"http:\/\/www.master-ingenieria-quimica.uma.es\/wp-content\/uploads\/2023\/07\/Anuncio-TFMs-Convocatoria-Julio-2023-con-Tutores.pdf\" target=\"_blank\" rel=\"noreferrer noopener\">Convocatoria JULIO 2023<\/a><\/strong><\/h2>\n\n\n<div class=\"wp-block-image\">\n<figure class=\"aligncenter\"><img loading=\"lazy\" decoding=\"async\" width=\"225\" height=\"225\" src=\"http:\/\/www.master-ingenieria-quimica.uma.es\/wp-content\/uploads\/2022\/06\/descarga-1.jpg\" alt=\"\" class=\"wp-image-846\"\/><\/figure>\n<\/div>\n\n\n<p><\/p>\n\n\n\n<pre class=\"wp-block-preformatted\"><\/pre>\n\n\n\n<p class=\"has-large-font-size\"><strong>MIQ-TFMs. Convocatoria EXTRAORDINARIA Diciembre 2022<\/strong><\/p>\n\n\n\n<div class=\"wp-block-group\"><div class=\"wp-block-group__inner-container is-layout-constrained wp-block-group-is-layout-constrained\">\n<div class=\"wp-block-file\"><a id=\"wp-block-file--media-13daec9c-bd5e-4004-bd92-37ae4346092f\" href=\"https:\/\/www.master-ingenieria-quimica.uma.es\/wp-content\/uploads\/2022\/12\/Anuncio-Convocatoria-Diciembre-2022-1.png\">Anuncio-Convocatoria-Diciembre-2022<\/a><a href=\"https:\/\/www.master-ingenieria-quimica.uma.es\/wp-content\/uploads\/2022\/12\/Anuncio-Convocatoria-Diciembre-2022-1.png\" class=\"wp-block-file__button wp-element-button\" download aria-describedby=\"wp-block-file--media-13daec9c-bd5e-4004-bd92-37ae4346092f\">Descarga<\/a><\/div>\n<\/div><\/div>\n\n\n\n<p><\/p>\n\n\n\n<p class=\"has-text-align-center has-large-font-size\"><img loading=\"lazy\" decoding=\"async\" width=\"250\" height=\"410\" class=\"wp-image-930\" style=\"width: 250px;\" src=\"http:\/\/www.master-ingenieria-quimica.uma.es\/wp-content\/uploads\/2022\/12\/Anuncio-Convocatoria-Diciembre-2022.png\" alt=\"\"><\/p>\n\n\n\n<pre class=\"wp-block-preformatted\"><\/pre>\n\n\n\n<p class=\"has-large-font-size\"><strong>MIQ-TFMs. Convocatoria OCTUBRE. Curso 2021-2022<\/strong> <\/p>\n\n\n\n<div class=\"wp-block-file\"><\/div>\n\n\n\n<figure class=\"wp-block-image size-full\"><img loading=\"lazy\" decoding=\"async\" width=\"1820\" height=\"2573\" src=\"http:\/\/www.master-ingenieria-quimica.uma.es\/wp-content\/uploads\/2022\/10\/Anuncio-TFMs-Convocatoria-OCTUBRE-2022-con-TRIBUNAL-para-Anuncio.jpg\" alt=\"\" class=\"wp-image-911\"\/><\/figure>\n\n\n\n<pre class=\"wp-block-preformatted\"><\/pre>\n\n\n\n<p class=\"has-black-color has-text-color has-large-font-size\"><strong>MIQ-TFMs.  Convocatoria JULIO. Curso 2021-2022<\/strong><\/p>\n\n\n\n<div class=\"wp-block-file\"><a id=\"wp-block-file--media-d15c1426-fc3d-4560-833e-6aebb2eb51b0\" href=\"https:\/\/www.master-ingenieria-quimica.uma.es\/wp-content\/uploads\/2022\/07\/Anuncio-TFMs-Convocatoria-Julio-2022-1.pdf\" target=\"_blank\" rel=\"noreferrer noopener\"><strong>Anuncio-TFMs-Convocatoria-Julio-2022<\/strong><\/a><\/div>\n\n\n\n<pre class=\"wp-block-preformatted\"><\/pre>\n\n\n\n<p class=\"has-large-font-size\"><strong>MIQ-TFMs.  Convocatoria MARZO. Curso 2021-2022<\/strong><\/p>\n\n\n\n<div class=\"wp-block-file\"><a id=\"wp-block-file--media-d15c1426-fc3d-4560-833e-6aebb2eb51b0\" href=\"https:\/\/www.master-ingenieria-quimica.uma.es\/wp-content\/uploads\/2022\/03\/Anuncio-TFMs-MARZO-2022-2.pdf\">Anuncio-TFMs-MARZO-2021-2022<\/a><\/div>\n\n\n\n<pre class=\"wp-block-preformatted\"><\/pre>\n\n\n\n<p class=\"has-large-font-size\"><strong>MIQ-TFMs.  Convocatoria OCTUBRE. Curso 2020-2021<em> <\/em><\/strong><em><strong> <\/strong><\/em><\/p>\n\n\n\n<div class=\"wp-block-file\"><a id=\"wp-block-file--media-26e9f21f-60e7-4a3c-a4bf-0dd2897029df\" href=\"http:\/\/www.master-ingenieria-quimica.uma.es\/wp-content\/uploads\/2021\/10\/Anuncio-TFMs-Convocatoria-Octubre-2021.pdf\">Anuncio TFMs Convocatoria Octubre 2021<\/a><\/div>\n\n\n\n<pre class=\"wp-block-preformatted\"><\/pre>\n\n\n\n<div class=\"wp-block-columns is-layout-flex wp-container-core-columns-is-layout-9d6595d7 wp-block-columns-is-layout-flex\">\n<div class=\"wp-block-column is-layout-flow wp-block-column-is-layout-flow\" style=\"flex-basis:100%\">\n<p class=\"has-large-font-size\"><strong>MIQ-TFMs.   Convocatoria JULIO. Curso 2020-2021<em>    <\/em><\/strong><em><strong>      <\/strong><\/em><\/p>\n\n\n\n<p class=\"has-medium-font-size\"><a href=\"http:\/\/www.master-ingenieria-quimica.uma.es\/wp-content\/uploads\/2021\/07\/TFMs-Convocatoria-Julio-2021.pdf\">TFMs Convocatoria Julio 2021<\/a><\/p>\n<\/div>\n<\/div>\n\n\n\n<div class=\"wp-block-columns is-layout-flex wp-container-core-columns-is-layout-9d6595d7 wp-block-columns-is-layout-flex\">\n<div class=\"wp-block-column is-layout-flow wp-block-column-is-layout-flow\" style=\"flex-basis:100%\">\n<div class=\"wp-block-group\"><div class=\"wp-block-group__inner-container is-layout-flow wp-block-group-is-layout-flow\">\n<div class=\"wp-block-group\"><div class=\"wp-block-group__inner-container is-layout-flow wp-block-group-is-layout-flow\">\n<div class=\"wp-block-columns is-layout-flex wp-container-core-columns-is-layout-9d6595d7 wp-block-columns-is-layout-flex\">\n<div class=\"wp-block-column is-vertically-aligned-center is-layout-flow wp-block-column-is-layout-flow\" style=\"flex-basis:100%\">\n<div class=\"wp-block-group\"><div class=\"wp-block-group__inner-container is-layout-flow wp-block-group-is-layout-flow\">\n<div class=\"wp-block-file alignleft\"><a id=\"wp-block-file--media-2776921f-3e5b-4e95-afff-27e8d626feee\" href=\"https:\/\/www.master-ingenieria-quimica.uma.es\/wp-content\/uploads\/2021\/03\/TFMs-Convocatoria-MARZO-2021.pdf\">Acto de Defensa de TFMs mediante sistema de comunicaci\u00f3n s\u00edncrona a trav\u00e9s de <em>Microsoft Teams<\/em> el d\u00eda 23 de marzo de 2021 a partir de las 17:00h. <br>TFMs-Convocatoria-MARZO-2021<\/a><a href=\"https:\/\/www.master-ingenieria-quimica.uma.es\/wp-content\/uploads\/2021\/03\/TFMs-Convocatoria-MARZO-2021.pdf\" class=\"wp-block-file__button wp-element-button\" download aria-describedby=\"wp-block-file--media-2776921f-3e5b-4e95-afff-27e8d626feee\">Descarga<\/a><\/div>\n<\/div><\/div>\n\n\n\n<p><\/p>\n<\/div>\n<\/div>\n<\/div><\/div>\n<\/div><\/div>\n<\/div>\n<\/div>\n\n\n\n<pre class=\"wp-block-preformatted\"><\/pre>\n\n\n\n<p>MIQ-TFMs. <a rel=\"noreferrer noopener\" aria-label=\"Convocatoria  DICIEMBRE Curso 2019-2020.  (se abre en una nueva pesta\u00f1a)\" href=\"https:\/\/mop.cv.uma.es\/course\/view.php?id=12693&amp;section=6\" target=\"_blank\"><em>Convocatoria  DICIEMBRE del Curso 2019-2020<\/em> <\/a><\/p>\n\n\n\n<div class=\"wp-block-file\"><a id=\"wp-block-file--media-4ee1d37f-4458-4a53-be33-85e4c6b8571f\" href=\"https:\/\/www.master-ingenieria-quimica.uma.es\/wp-content\/uploads\/2020\/12\/TFMs-Convocatoria-DICIEMBRE-2020.pdf\">Acto de Defensa de TFMs mediante sistema de comunicaci\u00f3n s\u00edncrona  a trav\u00e9s de <em>Microsoft Teams<\/em> el d\u00eda 18 de diciembre de 2020 . TFMs-Facultad de Ciencias. UMA-DICIEMBRE-2020<\/a><a href=\"https:\/\/www.master-ingenieria-quimica.uma.es\/wp-content\/uploads\/2020\/12\/TFMs-Convocatoria-DICIEMBRE-2020.pdf\" class=\"wp-block-file__button wp-element-button\" download aria-describedby=\"wp-block-file--media-4ee1d37f-4458-4a53-be33-85e4c6b8571f\">Descarga<\/a><\/div>\n\n\n\n<p class=\"has-normal-font-size\"><em>Convocatoria  TFMs Curso 2019-2020<\/em>. <strong>Acto de Defensa de TFMs mediante sistema de comunicaci\u00f3n s\u00edncrona  <\/strong>a trav\u00e9s de <strong><em>Microsoft Teams<\/em><\/strong> el d\u00eda 11 de noviembre de 2020 .<\/p>\n\n\n\n<div class=\"wp-block-group\"><div class=\"wp-block-group__inner-container is-layout-flow wp-block-group-is-layout-flow\">\n<div class=\"wp-block-file\"><a id=\"wp-block-file--media-27824901-f884-44a1-8dda-d8217e1e95db\" href=\"https:\/\/www.master-ingenieria-quimica.uma.es\/wp-content\/uploads\/2020\/11\/TFMs-Convocatoria-OCTUBRE-2020.pdf\"><strong>TFMs. Facultad de Ciencias -UMA Noviembre-2020<\/strong>  <\/a><a href=\"https:\/\/www.master-ingenieria-quimica.uma.es\/wp-content\/uploads\/2020\/11\/TFMs-Convocatoria-OCTUBRE-2020.pdf\" class=\"wp-block-file__button wp-element-button\" download aria-describedby=\"wp-block-file--media-27824901-f884-44a1-8dda-d8217e1e95db\">Descarga<\/a><\/div>\n<\/div><\/div>\n\n\n\n<p class=\"has-medium-font-size\"><em>Convocatoria TFMs <strong>Octubre. Curso 2019-2020<\/strong><\/em><\/p>\n\n\n\n<p>La entrega del <em>Documento de Inscripci\u00f3n (<a href=\"https:\/\/mop.cv.uma.es\/pluginfile.php\/726243\/mod_resource\/content\/1\/Formulario_Deposito_TFM_Ciencias_171218.pdf\">Formulario de dep\u00f3sito<\/a>)  y la Memoria del TFM<\/em> en formato digital, ser\u00e1 entre los d\u00edas 28 a 30 de este mes de octubre a trav\u00e9s del<a href=\"https:\/\/mop.cv.uma.es\/course\/view.php?id=12693\"> Repositorio del Campus Virtual<\/a> del MIQ de la UMA<\/p>\n\n\n\n<pre class=\"wp-block-preformatted\"><\/pre>\n\n\n\n<p class=\"has-medium-font-size\"><em>Convocatoria  TFMs Curso 2019-2020<\/em>. <strong>Acto de Defensa de TFMs mediante sistema de comunicaci\u00f3n s\u00edncrona  <\/strong>a trav\u00e9s de <strong><em>Microsoft Teams<\/em><\/strong> los d\u00edas 13 y 15 de julio de 2020 <\/p>\n\n\n\n<div class=\"wp-block-file\"><a id=\"wp-block-file--media-e99df6ea-078a-4c59-acea-70176edb09bc\" href=\"https:\/\/www.master-ingenieria-quimica.uma.es\/wp-content\/uploads\/2020\/07\/TFMs-Convocatoria-julio-2020.pdf\"><strong>TFMs. Facultad de Ciencias -UMA Convocatoria-Julio-2020<\/strong><\/a><a href=\"https:\/\/www.master-ingenieria-quimica.uma.es\/wp-content\/uploads\/2020\/07\/TFMs-Convocatoria-julio-2020.pdf\" class=\"wp-block-file__button wp-element-button\" download aria-describedby=\"wp-block-file--media-e99df6ea-078a-4c59-acea-70176edb09bc\">Descarga<\/a><\/div>\n\n\n\n<pre class=\"wp-block-preformatted\"><\/pre>\n","protected":false},"excerpt":{"rendered":"<p>MIQ-TFMs. Convocatoria Septiembre-Octubre 2025 Curso 2024-2025 (2\u00aa convocatoria) MIQ-TFMs. Convocatoria Junio-Julio 2025 Curso 2024-2025 MIQ-TFMs. Convocatoria OCTUBRE 2024 Curso 2023-2024 MIQ-TFMs. Convocatoria JULIO 2024 Curso 2023-2024 MIQ-TFMs. Convocatoria FEBRERO 2024 Curso 2023-2024 MIQ-TFMs. Convocatoria OCTUBRE 2023 MIQ-TFMs. Convocatoria JULIO 2023 MIQ-TFMs. Convocatoria EXTRAORDINARIA Diciembre 2022 MIQ-TFMs. Convocatoria OCTUBRE. Curso 2021-2022 MIQ-TFMs. Convocatoria JULIO. Curso 2021-2022 [&hellip;]<\/p>\n","protected":false},"author":1,"featured_media":0,"parent":0,"menu_order":0,"comment_status":"closed","ping_status":"closed","template":"","meta":{"footnotes":""},"class_list":["post-563","page","type-page","status-publish","hentry"],"_links":{"self":[{"href":"https:\/\/www.master-ingenieria-quimica.uma.es\/index.php\/wp-json\/wp\/v2\/pages\/563","targetHints":{"allow":["GET"]}}],"collection":[{"href":"https:\/\/www.master-ingenieria-quimica.uma.es\/index.php\/wp-json\/wp\/v2\/pages"}],"about":[{"href":"https:\/\/www.master-ingenieria-quimica.uma.es\/index.php\/wp-json\/wp\/v2\/types\/page"}],"author":[{"embeddable":true,"href":"https:\/\/www.master-ingenieria-quimica.uma.es\/index.php\/wp-json\/wp\/v2\/users\/1"}],"replies":[{"embeddable":true,"href":"https:\/\/www.master-ingenieria-quimica.uma.es\/index.php\/wp-json\/wp\/v2\/comments?post=563"}],"version-history":[{"count":0,"href":"https:\/\/www.master-ingenieria-quimica.uma.es\/index.php\/wp-json\/wp\/v2\/pages\/563\/revisions"}],"wp:attachment":[{"href":"https:\/\/www.master-ingenieria-quimica.uma.es\/index.php\/wp-json\/wp\/v2\/media?parent=563"}],"curies":[{"name":"wp","href":"https:\/\/api.w.org\/{rel}","templated":true}]}}