{"id":692,"date":"2021-05-13T15:55:28","date_gmt":"2021-05-13T13:55:28","guid":{"rendered":"https:\/\/www.master-ingenieria-quimica.uma.es\/?page_id=692"},"modified":"2023-02-03T08:06:38","modified_gmt":"2023-02-03T07:06:38","slug":"comunicaion-y-divulgacion-cientifica","status":"publish","type":"page","link":"https:\/\/www.master-ingenieria-quimica.uma.es\/index.php\/comunicaion-y-divulgacion-cientifica\/","title":{"rendered":"Comunicaci\u00f3n y Divulgaci\u00f3n"},"content":{"rendered":"\n<pre class=\"wp-block-preformatted\"><\/pre>\n\n\n\n<pre class=\"wp-block-preformatted has-medium-font-size\"><strong>The future of the chemicals industry: A capabilities perspective<\/strong>\n\nhttps:\/\/www.youtube.com\/watch?v=wqJWyAdiqJ8<\/pre>\n\n\n\n<p><\/p>\n\n\n<div class=\"wp-block-image\">\n<figure class=\"aligncenter size-full\"><img loading=\"lazy\" decoding=\"async\" width=\"277\" height=\"537\" src=\"https:\/\/www.master-ingenieria-quimica.uma.es\/wp-content\/uploads\/2021\/12\/Escape-room-IQ-UMA-1.jpg\" alt=\"\" class=\"wp-image-786\"\/><figcaption class=\"wp-element-caption\"><a href=\"http:\/\/shorturl.at\/diyE0\" data-type=\"URL\" data-id=\"shorturl.at\/diyE0\">shorturl.at\/diyE0<\/a><\/figcaption><\/figure>\n<\/div>\n\n\n<p style=\"font-size:25px\"><strong>C\u00e1tedra de Digitalizaci\u00f3n de Procesos Industriales de la Fundaci\u00f3n Cepsa<\/strong><\/p>\n\n\n\n<figure class=\"wp-block-embed is-type-video is-provider-youtube wp-block-embed-youtube wp-embed-aspect-16-9 wp-has-aspect-ratio\"><div class=\"wp-block-embed__wrapper\">\n<iframe loading=\"lazy\" title=\"La UMA y la Fundaci\u00f3n Cepsa ponen en marcha la C\u00e1tedra de Digitalizaci\u00f3n de Procesos...\" width=\"1170\" height=\"658\" src=\"https:\/\/www.youtube.com\/embed\/6kZgnO6z4XI?feature=oembed\" frameborder=\"0\" allow=\"accelerometer; autoplay; clipboard-write; encrypted-media; gyroscope; picture-in-picture\" allowfullscreen><\/iframe>\n<\/div><\/figure>\n\n\n\n<p><a href=\"https:\/\/fundacion.cepsa.com\/es\/noticias\/fundacion-cepsa-y-universidad-de-malaga-crean-una-nueva-catedra\" data-type=\"URL\" data-id=\"https:\/\/fundacion.cepsa.com\/es\/noticias\/fundacion-cepsa-y-universidad-de-malaga-crean-una-nueva-catedra\" target=\"_blank\" rel=\"noreferrer noopener\">Enlace Noticia<\/a><\/p>\n\n\n\n<p><a rel=\"noreferrer noopener\" href=\"https:\/\/fundacion.cepsa.com\/es\/ambitos-actuacion\/cientifico-educativo\/catedras\" data-type=\"URL\" data-id=\"https:\/\/fundacion.cepsa.com\/es\/ambitos-actuacion\/cientifico-educativo\/catedras\" target=\"_blank\">Enlace C\u00e1tedras<\/a><\/p>\n\n\n\n<p><a href=\"https:\/\/www.uma.es\/catedras\/info\/128404\/catedra-de-digitalizacion-de-procesos-industriales-de-la-fundacion-cepsa\/\" data-type=\"URL\" data-id=\"https:\/\/www.uma.es\/catedras\/info\/128404\/catedra-de-digitalizacion-de-procesos-industriales-de-la-fundacion-cepsa\/\" target=\"_blank\" rel=\"noreferrer noopener\">Enlace en la UMA<\/a><\/p>\n\n\n\n<p><\/p>\n\n\n\n<pre class=\"wp-block-preformatted\"><\/pre>\n\n\n\n<p style=\"font-size:25px\"><strong>Jornadas de PUERTAS ABIERTAS de la UMA<\/strong><\/p>\n\n\n<div class=\"wp-block-image\">\n<figure class=\"aligncenter\"><img loading=\"lazy\" decoding=\"async\" width=\"838\" height=\"403\" src=\"http:\/\/www.master-ingenieria-quimica.uma.es\/wp-content\/uploads\/2021\/04\/UMA-Jornadas-Puertas-Abiertas-Abril-2021.png\" alt=\"\" class=\"wp-image-686\"\/><figcaption class=\"wp-element-caption\"><a href=\"https:\/\/puertasabiertas.uma.es\/\" target=\"_blank\" rel=\"noreferrer noopener\">https:\/\/puertasabiertas.uma.es\/<\/a><\/figcaption><\/figure>\n<\/div>","protected":false},"excerpt":{"rendered":"<p>The future of the chemicals industry: A capabilities perspective https:\/\/www.youtube.com\/watch?v=wqJWyAdiqJ8 C\u00e1tedra de Digitalizaci\u00f3n de Procesos Industriales de la Fundaci\u00f3n Cepsa Enlace Noticia Enlace C\u00e1tedras Enlace en la UMA Jornadas de PUERTAS ABIERTAS de la UMA<\/p>\n","protected":false},"author":1,"featured_media":0,"parent":0,"menu_order":0,"comment_status":"closed","ping_status":"closed","template":"","meta":{"footnotes":""},"class_list":["post-692","page","type-page","status-publish","hentry"],"_links":{"self":[{"href":"https:\/\/www.master-ingenieria-quimica.uma.es\/index.php\/wp-json\/wp\/v2\/pages\/692","targetHints":{"allow":["GET"]}}],"collection":[{"href":"https:\/\/www.master-ingenieria-quimica.uma.es\/index.php\/wp-json\/wp\/v2\/pages"}],"about":[{"href":"https:\/\/www.master-ingenieria-quimica.uma.es\/index.php\/wp-json\/wp\/v2\/types\/page"}],"author":[{"embeddable":true,"href":"https:\/\/www.master-ingenieria-quimica.uma.es\/index.php\/wp-json\/wp\/v2\/users\/1"}],"replies":[{"embeddable":true,"href":"https:\/\/www.master-ingenieria-quimica.uma.es\/index.php\/wp-json\/wp\/v2\/comments?post=692"}],"version-history":[{"count":0,"href":"https:\/\/www.master-ingenieria-quimica.uma.es\/index.php\/wp-json\/wp\/v2\/pages\/692\/revisions"}],"wp:attachment":[{"href":"https:\/\/www.master-ingenieria-quimica.uma.es\/index.php\/wp-json\/wp\/v2\/media?parent=692"}],"curies":[{"name":"wp","href":"https:\/\/api.w.org\/{rel}","templated":true}]}}