{"id":698,"date":"2021-05-13T15:58:55","date_gmt":"2021-05-13T13:58:55","guid":{"rendered":"https:\/\/www.master-ingenieria-quimica.uma.es\/?page_id=698"},"modified":"2025-05-26T11:18:32","modified_gmt":"2025-05-26T09:18:32","slug":"actividades-del-miq-uma","status":"publish","type":"page","link":"https:\/\/www.master-ingenieria-quimica.uma.es\/index.php\/actividades-del-miq-uma\/","title":{"rendered":"Actividades del MIQ-UMA"},"content":{"rendered":"\n<p><\/p>\n\n\n\n<p><\/p>\n\n\n\n<p class=\"has-vivid-cyan-blue-color has-text-color has-link-color has-large-font-size wp-elements-05aa5dff57f2606bbf4059db6c396406\">Visita Tecnica Complejo Qu\u00edmico de Puertollano<\/p>\n\n\n\n<p class=\"has-vivid-cyan-blue-color has-text-color has-link-color has-medium-font-size wp-elements-77ec3c20c3b8507684203b51c047bfca\">MIQ-UMA 21 y 22 de mayo de 2025<\/p>\n\n\n\n<hr class=\"wp-block-separator has-alpha-channel-opacity\"\/>\n\n\n\n<figure class=\"wp-block-gallery has-nested-images columns-2 is-cropped wp-block-gallery-1 is-layout-flex wp-block-gallery-is-layout-flex\">\n<figure class=\"wp-block-image size-full\"><img loading=\"lazy\" decoding=\"async\" width=\"2048\" height=\"1536\" data-id=\"1147\" src=\"https:\/\/www.master-ingenieria-quimica.uma.es\/wp-content\/uploads\/2025\/05\/Coche-Hidrogeno.jpeg\" alt=\"\" class=\"wp-image-1147\"\/><\/figure>\n\n\n\n<figure class=\"wp-block-image size-full is-style-default\"><img loading=\"lazy\" decoding=\"async\" width=\"2048\" height=\"1536\" data-id=\"1144\" src=\"https:\/\/www.master-ingenieria-quimica.uma.es\/wp-content\/uploads\/2025\/05\/CNH2-Hidrogenera.jpeg\" alt=\"\" class=\"wp-image-1144\"\/><\/figure>\n\n\n\n<figure class=\"wp-block-image size-full\"><img loading=\"lazy\" decoding=\"async\" width=\"1600\" height=\"720\" data-id=\"1145\" src=\"https:\/\/www.master-ingenieria-quimica.uma.es\/wp-content\/uploads\/2025\/05\/CLAMBER-Charla.jpeg\" alt=\"\" class=\"wp-image-1145\"\/><\/figure>\n\n\n\n<figure class=\"wp-block-image size-full\"><img loading=\"lazy\" decoding=\"async\" width=\"2040\" height=\"1530\" data-id=\"1146\" src=\"https:\/\/www.master-ingenieria-quimica.uma.es\/wp-content\/uploads\/2025\/05\/CLAMBER-Grupo-de-espaldas.jpeg\" alt=\"\" class=\"wp-image-1146\"\/><\/figure>\n\n\n\n<figure class=\"wp-block-image size-full\"><img loading=\"lazy\" decoding=\"async\" width=\"1920\" height=\"1272\" data-id=\"1149\" src=\"https:\/\/www.master-ingenieria-quimica.uma.es\/wp-content\/uploads\/2025\/05\/2025_05_22_Visita_Ingenieria_Quimica_UMA-Charla-Polioles.jpg\" alt=\"\" class=\"wp-image-1149\"\/><\/figure>\n\n\n\n<figure class=\"wp-block-image size-full\"><img loading=\"lazy\" decoding=\"async\" width=\"1920\" height=\"1272\" data-id=\"1151\" src=\"https:\/\/www.master-ingenieria-quimica.uma.es\/wp-content\/uploads\/2025\/05\/2025_05_22_Visita_Ingenieria_Quimica_UMA-SALA-de-Control.jpg\" alt=\"\" class=\"wp-image-1151\"\/><\/figure>\n\n\n\n<figure class=\"wp-block-image size-full\"><img loading=\"lazy\" decoding=\"async\" width=\"1920\" height=\"1272\" data-id=\"1150\" src=\"https:\/\/www.master-ingenieria-quimica.uma.es\/wp-content\/uploads\/2025\/05\/2025_05_22_Visita_Ingenieria_Quimica_UMA-Charla-Polioles-2.jpg\" alt=\"\" class=\"wp-image-1150\"\/><\/figure>\n\n\n\n<figure class=\"wp-block-image size-full\"><img loading=\"lazy\" decoding=\"async\" width=\"1920\" height=\"1272\" data-id=\"1148\" src=\"https:\/\/www.master-ingenieria-quimica.uma.es\/wp-content\/uploads\/2025\/05\/2025_05_22_Visita_Ingenieria_Quimica_UMA-Grupo-Acceso.jpg\" alt=\"\" class=\"wp-image-1148\"\/><\/figure>\n\n\n\n<figure class=\"wp-block-image size-full\"><img loading=\"lazy\" decoding=\"async\" width=\"2048\" height=\"1536\" data-id=\"1153\" src=\"https:\/\/www.master-ingenieria-quimica.uma.es\/wp-content\/uploads\/2025\/05\/Conjunto-FOTOS.jpeg\" alt=\"\" class=\"wp-image-1153\"\/><\/figure>\n<\/figure>\n\n\n\n<pre class=\"wp-block-preformatted\">Visita Centro Nacional del Hidr\u00f3geno, Biorrefiner\u00eda CLAMBER y al Complejo Qu\u00edmico Puertollano<\/pre>\n\n\n\n<hr class=\"wp-block-separator has-alpha-channel-opacity\"\/>\n\n\n\n<p class=\"has-vivid-cyan-blue-color has-text-color has-link-color has-large-font-size wp-elements-ec5d2fe72893fcfa404ff70aa73f5dfa\">Visita al Centro de Almacenamiento de Residuos Radiactivos \u00abEl Cabril\u00bb 2024<\/p>\n\n\n\n<p><a href=\"https:\/\/www.uma.es\/smart-campus\/noticias\/visita-al-centro-de-almacenamiento-de-residuos-radiactivos-el-cabril-2024\">https:\/\/www.uma.es\/smart-campus\/noticias\/visita-al-centro-de-almacenamiento-de-residuos-radiactivos-el-cabril-2024<\/a><\/p>\n\n\n\n<p><\/p>\n\n\n\n<hr class=\"wp-block-separator has-alpha-channel-opacity\"\/>\n\n\n\n<p class=\"has-large-font-size\"><\/p>\n\n\n<div class=\"wp-block-image\">\n<figure class=\"aligncenter size-full is-resized\"><img loading=\"lazy\" decoding=\"async\" width=\"7157\" height=\"3025\" src=\"https:\/\/www.master-ingenieria-quimica.uma.es\/wp-content\/uploads\/2022\/04\/TFM-3m-Anuncio.jpg\" alt=\"\" class=\"wp-image-833\" style=\"width:539px;height:228px\"\/><\/figure>\n<\/div>\n\n\n<div class=\"wp-block-file\"><a id=\"wp-block-file--media-1ca7eb0e-12be-4d5c-8765-75d5437ceee5\" href=\"https:\/\/www.master-ingenieria-quimica.uma.es\/wp-content\/uploads\/2022\/06\/Mi-TFM-en-TRES-MINUTOS-julio-2022.pdf\">Mi-TFM-en-TRES-MINUTOS-julio-2022<\/a><a href=\"https:\/\/www.master-ingenieria-quimica.uma.es\/wp-content\/uploads\/2022\/06\/Mi-TFM-en-TRES-MINUTOS-julio-2022.pdf\" class=\"wp-block-file__button wp-element-button\" download aria-describedby=\"wp-block-file--media-1ca7eb0e-12be-4d5c-8765-75d5437ceee5\">Descarga<\/a><\/div>\n\n\n\n<hr class=\"wp-block-separator has-alpha-channel-opacity\"\/>\n\n\n\n<pre class=\"wp-block-preformatted has-vivid-red-color has-text-color has-large-font-size\"><strong>TFM-3m Videos Premiados 2021-2022<\/strong><\/pre>\n\n\n\n<figure class=\"wp-block-embed is-type-video is-provider-youtube wp-block-embed-youtube wp-embed-aspect-4-3 wp-has-aspect-ratio\"><div class=\"wp-block-embed__wrapper\">\n<iframe loading=\"lazy\" title=\"Video Sofia E 5 7 2022 23 44 27\" width=\"1170\" height=\"878\" src=\"https:\/\/www.youtube.com\/embed\/_1X3KYRl1co?feature=oembed\" frameborder=\"0\" allow=\"accelerometer; autoplay; clipboard-write; encrypted-media; gyroscope; picture-in-picture; web-share\" referrerpolicy=\"strict-origin-when-cross-origin\" allowfullscreen><\/iframe>\n<\/div><figcaption class=\"wp-element-caption\"><strong>Sofia Essaounani MIQ-UMA<\/strong><\/figcaption><\/figure>\n\n\n\n<p><\/p>\n\n\n\n<figure class=\"wp-block-embed is-type-video is-provider-youtube wp-block-embed-youtube wp-embed-aspect-16-9 wp-has-aspect-ratio\"><div class=\"wp-block-embed__wrapper\">\n<iframe loading=\"lazy\" title=\"Video Carlos Martinez MIQ-UMA\" width=\"1170\" height=\"658\" src=\"https:\/\/www.youtube.com\/embed\/ZNCjdeh_hmc?feature=oembed\" frameborder=\"0\" allow=\"accelerometer; autoplay; clipboard-write; encrypted-media; gyroscope; picture-in-picture; web-share\" referrerpolicy=\"strict-origin-when-cross-origin\" allowfullscreen><\/iframe>\n<\/div><figcaption class=\"wp-element-caption\">Carlos Mart\u00ednez MIQ-UMA<\/figcaption><\/figure>\n\n\n\n<hr class=\"wp-block-separator has-alpha-channel-opacity\"\/>\n\n\n\n<pre class=\"wp-block-preformatted\"><\/pre>\n\n\n\n<pre class=\"wp-block-preformatted\"><\/pre>\n\n\n<div class=\"wp-block-image\">\n<figure class=\"aligncenter is-resized\"><a href=\"shorturl.at\/diyE0\" target=\"_blank\" rel=\"noopener\"><img loading=\"lazy\" decoding=\"async\" width=\"277\" height=\"537\" src=\"https:\/\/www.master-ingenieria-quimica.uma.es\/wp-content\/uploads\/2021\/12\/Escape-room-IQ-UMA.jpg\" alt=\"\" class=\"wp-image-785\" style=\"width:425px;height:824px\"\/><\/a><figcaption class=\"wp-element-caption\">ESCAPOE ROOM DE INGENIER\u00cdA QU\u00cdMICA <br>15 Y 16 DE DICIEMBRE DE 2021 <a rel=\"noreferrer noopener\" href=\"http:\/\/shorturl.at\/diyE0\" data-type=\"URL\" data-id=\"shorturl.at\/diyE0\" target=\"_blank\">shorturl.at\/diyE0<\/a><\/figcaption><\/figure>\n<\/div>\n\n\n<pre class=\"wp-block-preformatted\"><br><\/pre>\n\n\n\n<hr class=\"wp-block-separator has-alpha-channel-opacity\"\/>\n\n\n\n<p class=\"has-vivid-red-color has-text-color has-large-font-size\"><strong>TFM3m Videos Premiados Curso 2020-2021<\/strong><\/p>\n\n\n\n<div class=\"wp-block-group\"><div class=\"wp-block-group__inner-container is-layout-flow wp-block-group-is-layout-flow\">\n<figure class=\"wp-block-embed aligncenter is-type-video is-provider-youtube wp-block-embed-youtube wp-embed-aspect-16-9 wp-has-aspect-ratio\"><div class=\"wp-block-embed__wrapper\">\n<iframe loading=\"lazy\" title=\"TFM3m Convocatoria 2021 Nerea Rivas\" width=\"1170\" height=\"658\" src=\"https:\/\/www.youtube.com\/embed\/elxwqMRSp0o?feature=oembed\" frameborder=\"0\" allow=\"accelerometer; autoplay; clipboard-write; encrypted-media; gyroscope; picture-in-picture; web-share\" referrerpolicy=\"strict-origin-when-cross-origin\" allowfullscreen><\/iframe>\n<\/div><\/figure>\n\n\n\n<figure class=\"wp-block-embed aligncenter is-type-video is-provider-youtube wp-block-embed-youtube wp-embed-aspect-16-9 wp-has-aspect-ratio\"><div class=\"wp-block-embed__wrapper\">\n<iframe loading=\"lazy\" title=\"TFM3m Convocatoria 2021 Paula Cabrera\" width=\"1170\" height=\"658\" src=\"https:\/\/www.youtube.com\/embed\/85WZxaguRE0?feature=oembed\" frameborder=\"0\" allow=\"accelerometer; autoplay; clipboard-write; encrypted-media; gyroscope; picture-in-picture; web-share\" referrerpolicy=\"strict-origin-when-cross-origin\" allowfullscreen><\/iframe>\n<\/div><\/figure>\n<\/div><\/div>\n\n\n\n<pre class=\"wp-block-preformatted\"><br><\/pre>\n\n\n\n<hr class=\"wp-block-separator has-alpha-channel-opacity\"\/>\n\n\n\n<p class=\"has-text-align-center has-medium-font-size\"><img loading=\"lazy\" decoding=\"async\" width=\"600\" height=\"305\" class=\"wp-image-702\" style=\"width: 600px;\" src=\"http:\/\/www.master-ingenieria-quimica.uma.es\/wp-content\/uploads\/2021\/05\/MiQ-WEBinar-2021.png\" alt=\"\"><\/p>\n\n\n\n<p class=\"has-text-align-center has-medium-font-size\"><a href=\"https:\/\/mop.cv.uma.es\/pluginfile.php\/861291\/mod_resource\/content\/1\/Asignatura%20I%2BD%2Bi%20Curso%202020-2021%20Ciclo%20de%20Conferencias%20Calendario.pdf\" data-type=\"URL\" data-id=\"https:\/\/mop.cv.uma.es\/pluginfile.php\/861291\/mod_resource\/content\/1\/Asignatura%20I%2BD%2Bi%20Curso%202020-2021%20Ciclo%20de%20Conferencias%20Calendario.pdf\">WEBinar MIQ-UMA 2021<\/a> <\/p>\n\n\n\n<pre class=\"wp-block-preformatted\"><\/pre>\n\n\n\n<pre class=\"wp-block-preformatted\"><\/pre>\n\n\n\n<p><\/p>\n","protected":false},"excerpt":{"rendered":"<p>Visita Tecnica Complejo Qu\u00edmico de Puertollano MIQ-UMA 21 y 22 de mayo de 2025 Visita Centro Nacional del Hidr\u00f3geno, Biorrefiner\u00eda CLAMBER y al Complejo Qu\u00edmico Puertollano Visita al Centro de Almacenamiento de Residuos Radiactivos \u00abEl Cabril\u00bb 2024 https:\/\/www.uma.es\/smart-campus\/noticias\/visita-al-centro-de-almacenamiento-de-residuos-radiactivos-el-cabril-2024 TFM-3m Videos Premiados 2021-2022 TFM3m Videos Premiados Curso 2020-2021 WEBinar MIQ-UMA 2021<\/p>\n","protected":false},"author":1,"featured_media":0,"parent":0,"menu_order":0,"comment_status":"closed","ping_status":"closed","template":"","meta":{"footnotes":""},"class_list":["post-698","page","type-page","status-publish","hentry"],"_links":{"self":[{"href":"https:\/\/www.master-ingenieria-quimica.uma.es\/index.php\/wp-json\/wp\/v2\/pages\/698","targetHints":{"allow":["GET"]}}],"collection":[{"href":"https:\/\/www.master-ingenieria-quimica.uma.es\/index.php\/wp-json\/wp\/v2\/pages"}],"about":[{"href":"https:\/\/www.master-ingenieria-quimica.uma.es\/index.php\/wp-json\/wp\/v2\/types\/page"}],"author":[{"embeddable":true,"href":"https:\/\/www.master-ingenieria-quimica.uma.es\/index.php\/wp-json\/wp\/v2\/users\/1"}],"replies":[{"embeddable":true,"href":"https:\/\/www.master-ingenieria-quimica.uma.es\/index.php\/wp-json\/wp\/v2\/comments?post=698"}],"version-history":[{"count":0,"href":"https:\/\/www.master-ingenieria-quimica.uma.es\/index.php\/wp-json\/wp\/v2\/pages\/698\/revisions"}],"wp:attachment":[{"href":"https:\/\/www.master-ingenieria-quimica.uma.es\/index.php\/wp-json\/wp\/v2\/media?parent=698"}],"curies":[{"name":"wp","href":"https:\/\/api.w.org\/{rel}","templated":true}]}}