{"id":78,"date":"2016-12-07T10:23:23","date_gmt":"2016-12-07T10:23:23","guid":{"rendered":"http:\/\/www.master-ingenieria-quimica.uma.es\/?page_id=78"},"modified":"2026-01-07T10:53:22","modified_gmt":"2026-01-07T09:53:22","slug":"inicio","status":"publish","type":"page","link":"https:\/\/www.master-ingenieria-quimica.uma.es\/","title":{"rendered":""},"content":{"rendered":"\n<figure class=\"wp-block-embed aligncenter is-type-rich is-provider-twitter wp-block-embed-twitter\"><div class=\"wp-block-embed__wrapper\">\n<a class=\"twitter-timeline\" data-width=\"1170\" data-height=\"1000\" data-dnt=\"true\" href=\"https:\/\/twitter.com\/MIQ_UMA?ref_src=twsrc%5Etfw\">Tweets by MIQ_UMA<\/a><script async src=\"https:\/\/platform.twitter.com\/widgets.js\" charset=\"utf-8\"><\/script>\n<\/div><\/figure>\n\n\n<div class=\"wp-block-image\">\n<figure class=\"alignleft size-full is-resized\"><img loading=\"lazy\" decoding=\"async\" width=\"667\" height=\"375\" src=\"http:\/\/www.master-ingenieria-quimica.uma.es\/wp-content\/uploads\/2020\/02\/Exterior-Facultad-Ciencias-Teatinos-UMA_1201990045_78654037_667x375.jpg\" alt=\"\" class=\"wp-image-323\" style=\"aspect-ratio:1.7810650887573964;width:602px;height:auto\"\/><\/figure>\n<\/div>\n\n<p style=\"text-align: justify;\">El objetivo general del <strong>M\u00e1ster Interuniversitario en Ingenier\u00eda Qu\u00edmica<\/strong> por las <a href=\"https:\/\/www.uma.es\">Universidades de M\u00e1laga (UMA)<\/a>, <a href=\"https:\/\/ciencias.uca.es\/master-interuniversitario-en-ingenieria-quimica-2\/\">C\u00e1diz (UCA)<\/a> y <a href=\"https:\/\/cms.ual.es\/UAL\/estudios\/masteres\/MASTER7080\">Almer\u00eda (UAL)<\/a> es formar y especializar al alumno para el ejercicio de la profesi\u00f3n de Ingeniero Qu\u00edmico y proporcionar una formaci\u00f3n en I+D+i en Ingenier\u00eda Qu\u00edmica de manera que se posibilite, de manera opcional, los posteriores estudios de Doctorado en el \u00e1mbito de la Ingenier\u00eda Qu\u00edmica.<\/p>\n<p style=\"text-align: justify;\"><strong><em>El MIQ M\u00e1ster en Ingenier\u00eda Qu\u00edmica complementa los estudios del Grado en Ingenier\u00eda Qu\u00edmica\/Ingenier\u00eda Qu\u00edmica Industrial e implica una profundizaci\u00f3n y extensi\u00f3n en los conocimientos adquiridos en los mismos.<\/em><\/strong><\/p>\n<ul>\n<li style=\"text-align: justify;\"><em>Adquirir\u00e1s los conocimientos t\u00e9cnicos y las competencias profesionales necesarias para organizar, dise\u00f1ar y controlar la producci\u00f3n en plantas qu\u00edmicas y de bioprocesos, as\u00ed como para gestionar y desarrollar planes de control de calidad y de gesti\u00f3n medioambiental.<\/em><\/li>\n<li style=\"text-align: justify;\"><em>Ser\u00e1s experto en la concepci\u00f3n, c\u00e1lculo, dise\u00f1o, construcci\u00f3n y operaci\u00f3n de instalaciones o equipos en los cuales la materia experimenta un cambio de estado, de contenido de energ\u00eda o de composici\u00f3n.<\/em><\/li>\n<\/ul>\n<p style=\"text-align: justify;\"><b>T<\/b>ras la conclusi\u00f3n de estos estudios, los titulados tendr\u00e1n las salidas acad\u00e9micas y profesionales que se indican a continuaci\u00f3n<\/p>\n<p style=\"text-align: justify;\"><strong>Salidas acad\u00e9micas. Relaci\u00f3n con otros estudios.<\/strong> Este M\u00e1ster proporcionar\u00e1, para aquellos que lo deseen, una formaci\u00f3n adecuada para la continuaci\u00f3n de estudios de doctorado en el \u00e1rea de la Ingenier\u00eda Qu\u00edmica.<\/p>\n<p style=\"text-align: justify;\"><strong>Salidas profesionales. <\/strong>La versatilidad de la Ingenier\u00eda Qu\u00edmica, el nivel de formaci\u00f3n adquirido y las competencias desarrolladas hacen de los titulados en el M\u00e1ster en Ingenier\u00eda Qu\u00edmica profesionales adaptables y capaces de insertarse con rapidez en un mercado laboral cada vez m\u00e1s competitivo. El \u00e1mbito tradicional del ingeniero qu\u00edmico con titulaci\u00f3n de m\u00e1ster es el emprendimiento o los centros de creaci\u00f3n y transferencia de conocimiento en los diferentes niveles de ingenier\u00eda, producci\u00f3n, I+D o gesti\u00f3n. Entre las salidas m\u00e1s importantes figuran las siguientes:<\/p>\n<pre><em>- Industrias petroqu\u00edmicas, agroalimentarias, farmac\u00e9uticas, bioprocesos, biotecnol\u00f3gicas, etc.<\/em><br \/><em>- Investigaci\u00f3n en el sector privado y en el p\u00fablico. Laboratorios e institutos de I+D.<\/em><br \/><em>- Administraci\u00f3n.<\/em><br \/><em>- Empresas de ingenier\u00eda.<\/em><br \/><em>- Ejercicio libre de la profesi\u00f3n: realizaci\u00f3n de proyectos por encargo.<\/em><br \/><em>- Docencia en educaci\u00f3n secundaria y superior.<\/em><br \/><em>- Sector servicios y comercial.<\/em><br \/><em>- Auditor\u00eda (energ\u00e9tica, ambiental, etc.) y asesoramiento en nuevos proyectos, inversiones, etc.<\/em><br \/><em>- Generaci\u00f3n de empresa propia. El dinamismo de los ingenieros qu\u00edmicos les permite tener suficientes ideas y el impulso para llevar adelante un negocio propio.<\/em><br \/><em>- Estaciones depuradoras de aguas residuales.<\/em><\/pre>\n<p style=\"text-align: justify;\"><strong>Perfil recomendado para alumno de nuevo ingreso.<\/strong> El M\u00e1ster en Ingenier\u00eda Qu\u00edmica est\u00e1 orientado preferentemente a los Graduados en Ingenier\u00eda Qu\u00edmica\/Ingenier\u00eda Qu\u00edmica Industrial.<\/p>\n<hr \/>\n<h2>Universidades participantes<\/h2>\n<p><img loading=\"lazy\" decoding=\"async\" class=\"alignnone  wp-image-214\" src=\"http:\/\/www.master-ingenieria-quimica.uma.es\/wp-content\/uploads\/marcauniversidaddemalagaVERTICAL-300x217.jpg\" alt=\"marcauniversidaddemalagaVERTICAL\" width=\"215\" height=\"156\" srcset=\"https:\/\/www.master-ingenieria-quimica.uma.es\/wp-content\/uploads\/marcauniversidaddemalagaVERTICAL-300x217.jpg 300w, https:\/\/www.master-ingenieria-quimica.uma.es\/wp-content\/uploads\/marcauniversidaddemalagaVERTICAL.jpg 665w\" sizes=\"auto, (max-width: 215px) 100vw, 215px\" \/>\u00a0 <a href=\"https:\/\/bit.ly\/38pTPfO\"><img loading=\"lazy\" decoding=\"async\" class=\"alignleft wp-image-175\" src=\"http:\/\/www.master-ingenieria-quimica.uma.es\/wp-content\/uploads\/logo-uca-233x300.jpg\" alt=\"logo-uca\" width=\"142\" height=\"183\" srcset=\"https:\/\/www.master-ingenieria-quimica.uma.es\/wp-content\/uploads\/logo-uca-233x300.jpg 233w, https:\/\/www.master-ingenieria-quimica.uma.es\/wp-content\/uploads\/logo-uca.jpg 728w\" sizes=\"auto, (max-width: 142px) 100vw, 142px\" \/><\/a>\u00a0\u00a0\u00a0\u00a0\u00a0 <a href=\"https:\/\/www.ual.es\/estudios\/masteres\/presentacion\/7080\"><img loading=\"lazy\" decoding=\"async\" class=\"alignnone wp-image-174\" src=\"http:\/\/www.master-ingenieria-quimica.uma.es\/wp-content\/uploads\/images.png\" alt=\"images\" width=\"163\" height=\"163\" srcset=\"https:\/\/www.master-ingenieria-quimica.uma.es\/wp-content\/uploads\/images.png 225w, https:\/\/www.master-ingenieria-quimica.uma.es\/wp-content\/uploads\/images-150x150.png 150w\" sizes=\"auto, (max-width: 163px) 100vw, 163px\" \/><\/a><\/p>\n\n\n<pre class=\"wp-block-preformatted\"><br><br><\/pre>\n","protected":false},"excerpt":{"rendered":"<p>El objetivo general del M\u00e1ster Interuniversitario en Ingenier\u00eda Qu\u00edmica por las Universidades de M\u00e1laga (UMA), C\u00e1diz (UCA) y Almer\u00eda (UAL) es formar y especializar al alumno para el ejercicio de la profesi\u00f3n de Ingeniero Qu\u00edmico y proporcionar una formaci\u00f3n en I+D+i en Ingenier\u00eda Qu\u00edmica de manera que se posibilite, de manera opcional, los posteriores estudios [&hellip;]<\/p>\n","protected":false},"author":1,"featured_media":427,"parent":0,"menu_order":0,"comment_status":"closed","ping_status":"closed","template":"","meta":{"footnotes":""},"class_list":["post-78","page","type-page","status-publish","has-post-thumbnail","hentry"],"_links":{"self":[{"href":"https:\/\/www.master-ingenieria-quimica.uma.es\/index.php\/wp-json\/wp\/v2\/pages\/78","targetHints":{"allow":["GET"]}}],"collection":[{"href":"https:\/\/www.master-ingenieria-quimica.uma.es\/index.php\/wp-json\/wp\/v2\/pages"}],"about":[{"href":"https:\/\/www.master-ingenieria-quimica.uma.es\/index.php\/wp-json\/wp\/v2\/types\/page"}],"author":[{"embeddable":true,"href":"https:\/\/www.master-ingenieria-quimica.uma.es\/index.php\/wp-json\/wp\/v2\/users\/1"}],"replies":[{"embeddable":true,"href":"https:\/\/www.master-ingenieria-quimica.uma.es\/index.php\/wp-json\/wp\/v2\/comments?post=78"}],"version-history":[{"count":0,"href":"https:\/\/www.master-ingenieria-quimica.uma.es\/index.php\/wp-json\/wp\/v2\/pages\/78\/revisions"}],"wp:featuredmedia":[{"embeddable":true,"href":"https:\/\/www.master-ingenieria-quimica.uma.es\/index.php\/wp-json\/wp\/v2\/media\/427"}],"wp:attachment":[{"href":"https:\/\/www.master-ingenieria-quimica.uma.es\/index.php\/wp-json\/wp\/v2\/media?parent=78"}],"curies":[{"name":"wp","href":"https:\/\/api.w.org\/{rel}","templated":true}]}}